{"id":1317,"date":"2012-12-27T16:11:42","date_gmt":"2012-12-27T15:11:42","guid":{"rendered":"http:\/\/www.jng-web.com\/labo\/?page_id=1317"},"modified":"2023-03-22T21:42:54","modified_gmt":"2023-03-22T20:42:54","slug":"charte-de-moderation-des-commentaires","status":"publish","type":"page","link":"https:\/\/jng-web.com\/labo\/charte-de-moderation-des-commentaires\/","title":{"rendered":"Charte de mod\u00e9ration des commentaires"},"content":{"rendered":"<div class=\"advads-avant-le-contenu\" id=\"advads-822223016\"><script async src=\"\/\/pagead2.googlesyndication.com\/pagead\/js\/adsbygoogle.js?client=ca-pub-4944504088214075\" crossorigin=\"anonymous\"><\/script><ins class=\"adsbygoogle\" style=\"display:block;\" data-ad-client=\"ca-pub-4944504088214075\" \ndata-ad-slot=\"4514395581\" \ndata-ad-format=\"auto\"><\/ins>\n<script> \n(adsbygoogle = window.adsbygoogle || []).push({}); \n<\/script>\n<\/div><div class=\"advads-test\" style=\"margin-left: auto;margin-right: auto;text-align: center;\" id=\"advads-2692989455\"><script async src=\"\/\/pagead2.googlesyndication.com\/pagead\/js\/adsbygoogle.js?client=ca-pub-4944504088214075\" crossorigin=\"anonymous\"><\/script><ins class=\"adsbygoogle\" style=\"display:block;\" data-ad-client=\"ca-pub-4944504088214075\" \ndata-ad-slot=\"4514395581\" \ndata-ad-format=\"auto\"><\/ins>\n<script> \n(adsbygoogle = window.adsbygoogle || []).push({}); \n<\/script>\n<\/div><p>Les commentaires de ce blog sont ouverts \u00e0 tous les internautes.<\/p>\n<p>Le d\u00e9p\u00f4t de commentaires sur les articles de ce blog ne n\u00e9cessite <em><strong><span style=\"text-decoration: underline;\">aucune inscription<\/span><\/strong><\/em>.<\/p>\n<h2>Mod\u00e9ration des commentaires<\/h2>\n<p>Les commentaires sont <em><strong><span style=\"text-decoration: underline;\">mod\u00e9r\u00e9s \u00e0 priori<\/span><\/strong><\/em>. Tous les commentaires sont lus avant leur publication. Un d\u00e9lai de quelques heures peut s&rsquo;\u00e9couler avant la validation de votre message.<\/p>\n<p>Les messages redondants, de nature publicitaire ou promotionnelle pourront \u00eatre refus\u00e9s.<\/p>\n<p>Tous messages contraire aux lois et r\u00e8glements en vigueur seront refus\u00e9s.<\/p>\n<p>Tout message publi\u00e9 demeure n\u00e9anmoins sous la responsabilit\u00e9 de son auteur.<\/p>\n<h3>Exception<\/h3>\n<p>Un internaute ayant d\u00e9j\u00e0 publi\u00e9 un commentaire approuv\u00e9 sans probation ,verra son commentaire publi\u00e9 instantan\u00e9ment sur le blog. Dans ce cas de figure, la mod\u00e9ration se fera <span style=\"text-decoration: underline;\"><em><strong>\u00e0<\/strong> <\/em><em><strong>posteriori<\/strong><\/em><\/span>.<\/p>\n<h2>Droits et devoirs du commentateur<\/h2>\n<p>Le commentateur d\u00e9signe tout internaute qui aura d\u00e9pos\u00e9 un commentaire sur le blog.<\/p>\n<p>Le commentateur se doit d&rsquo;\u00e9crire son commentaire dans un langage en <strong><span style=\"text-decoration: underline;\">fran\u00e7ais correct<\/span><\/strong>. Le langage <strong><span style=\"text-decoration: underline;\">SMS est \u00e0 proscrire<\/span><\/strong>.<\/p>\n<p>Tout commentaire <span style=\"text-decoration: underline;\"><strong>hors sujet<\/strong><\/span> sera syst\u00e9matiquement <span style=\"text-decoration: underline;\"><strong>refus\u00e9<\/strong><\/span>.<\/p>\n<p>Les commentaires tap\u00e9s en majuscule seront refus\u00e9s. Sur la toile, cela \u00e9quivaut \u00e0 crier. Vos propos pourraient \u00eatre per\u00e7us comme \u00e9tant agressifs.<\/p>\n<p>Les commentaires dans une <strong><span style=\"text-decoration: underline;\">langue autre que le fran\u00e7ais seront refus\u00e9s<\/span><\/strong>.<\/p>\n<p>Le contenu des commentaires d\u00e9pos\u00e9s sur le blog se doit de <span style=\"text-decoration: underline;\"><strong>respecter les lois et r\u00e8glements en vigueur<\/strong><\/span>.<\/p>\n<p>De ce fait les messages contenant :<\/p>\n<ul>\n<li>des propos contraire aux bonnes moeurs<\/li>\n<li>des propos\u00a0violents, injurieux, diffamatoires,&#8230;<\/li>\n<li>dont le contenu reproduirait sans autorisation une \u0153uvre prot\u00e9g\u00e9e par la propri\u00e9t\u00e9 intellectuelle<\/li>\n<li>&#8230;<\/li>\n<\/ul>\n<p>seront syst\u00e9matiques refus\u00e9s.<\/p>\n<h3>Rappel<\/h3>\n<blockquote><p>Il est tr\u00e8s fortement recommand\u00e9 de ne pas divulguer publiquement vos coordonn\u00e9es : mail, t\u00e9l\u00e9phone, adresse, &#8230;<\/p><\/blockquote>\n<h2>R\u00e9f\u00e9rencement des commentaires<\/h2>\n<p>Les commentaires publi\u00e9s sur ce blog sont susceptibles d&rsquo;\u00eatre r\u00e9f\u00e9renc\u00e9s par un moteur de recherche.<\/p>\n<h2>R\u00e9compense des commentateurs<\/h2>\n<p>En contrepartie de sa participation au blog, un syst\u00e8me de r\u00e9compense a \u00e9t\u00e9 mis en place.<\/p>\n<p>Le blog a \u00e9t\u00e9 \u00e9quip\u00e9 des extensions suivantes :<\/p>\n<ul>\n<li><span style=\"text-decoration: underline;\"><em><strong>CommentLuv<\/strong><\/em><\/span> : ce plugin vous permet d&rsquo;ins\u00e9rer un lien vers un des articles du site du commentateur<\/li>\n<li><del><span style=\"text-decoration: underline;\"><em><strong>KeywordLuv<\/strong><\/em><\/span>\u00a0: ce plugin vous permet d&rsquo;obtenir un lien sur votre mot cl\u00e9 tout en renseignant votre pseudo.<\/del><\/li>\n<li><span style=\"text-decoration: underline;\"><strong><em>TwitterLinks Comments<\/em><\/strong><\/span> : ce plugin vous permet d&rsquo;ajouter un lien vers votre compte Twitter \u00e0 la fin de votre commentaire<\/li>\n<\/ul>\n<p>En raison de l&rsquo;\u00e9volution des algorithmes du moteur de recherche Google, KeywordLuv est d\u00e9sactiv\u00e9. En effet, cette extension ne permet plus de recevoir un b\u00e9n\u00e9fice. En effet, une grande partie des liens provenant des commentaires sont mals vus par Google.<\/p>\n<p>Ce blog \u00e9tant en dofollow, le(s) lien(s) obtenu(s) contribuera(contribueront) \u00e0 l&rsquo;am\u00e9lioration du r\u00e9f\u00e9rencement du site du commentateur.<\/p>\n<h3 style=\"text-align: center;\"><a href=\"https:\/\/jng-web.com\/labo\/contact\/\">Contactez le webmaster du blog !<\/a><\/h3>\n","protected":false},"excerpt":{"rendered":"<p>Les commentaires de ce blog sont ouverts \u00e0 tous les internautes. Le d\u00e9p\u00f4t de commentaires sur les articles de ce blog ne n\u00e9cessite aucune inscription. &hellip; <\/p>\n","protected":false},"author":2,"featured_media":0,"parent":0,"menu_order":0,"comment_status":"closed","ping_status":"closed","template":"","meta":{"_exactmetrics_skip_tracking":false,"_exactmetrics_sitenote_active":false,"_exactmetrics_sitenote_note":"","_exactmetrics_sitenote_category":0,"footnotes":""},"class_list":["post-1317","page","type-page","status-publish","hentry"],"yoast_head":"<!-- This site is optimized with the Yoast SEO plugin v21.9.1 - https:\/\/yoast.com\/wordpress\/plugins\/seo\/ -->\n<title>Charte de mod\u00e9ration des commentaires - Labo JNG WEB<\/title>\n<meta name=\"robots\" content=\"index, follow, max-snippet:-1, max-image-preview:large, max-video-preview:-1\" \/>\n<link rel=\"canonical\" href=\"https:\/\/jng-web.com\/labo\/charte-de-moderation-des-commentaires\/\" \/>\n<meta property=\"og:locale\" content=\"fr_FR\" \/>\n<meta property=\"og:type\" content=\"article\" \/>\n<meta property=\"og:title\" content=\"Charte de mod\u00e9ration des commentaires - Labo JNG WEB\" \/>\n<meta property=\"og:description\" content=\"Les commentaires de ce blog sont ouverts \u00e0 tous les internautes. Le d\u00e9p\u00f4t de commentaires sur les articles de ce blog ne n\u00e9cessite aucune inscription. &hellip;\" \/>\n<meta property=\"og:url\" content=\"https:\/\/jng-web.com\/labo\/charte-de-moderation-des-commentaires\/\" \/>\n<meta property=\"og:site_name\" content=\"Labo JNG WEB\" \/>\n<meta property=\"article:publisher\" content=\"https:\/\/www.facebook.com\/webmaster.referencement.dijon\" \/>\n<meta property=\"article:modified_time\" content=\"2023-03-22T20:42:54+00:00\" \/>\n<meta property=\"og:image\" content=\"https:\/\/jng-web.com\/labo\/wp-content\/uploads\/2015\/03\/logo1.jpg\" \/>\n\t<meta property=\"og:image:width\" content=\"200\" \/>\n\t<meta property=\"og:image:height\" content=\"200\" \/>\n\t<meta property=\"og:image:type\" content=\"image\/jpeg\" \/>\n<meta name=\"twitter:label1\" content=\"Dur\u00e9e de lecture estim\u00e9e\" \/>\n\t<meta name=\"twitter:data1\" content=\"2 minutes\" \/>\n<script type=\"application\/ld+json\" class=\"yoast-schema-graph\">{\"@context\":\"https:\/\/schema.org\",\"@graph\":[{\"@type\":\"WebPage\",\"@id\":\"https:\/\/jng-web.com\/labo\/charte-de-moderation-des-commentaires\/\",\"url\":\"https:\/\/jng-web.com\/labo\/charte-de-moderation-des-commentaires\/\",\"name\":\"Charte de mod\u00e9ration des commentaires - Labo JNG WEB\",\"isPartOf\":{\"@id\":\"https:\/\/jng-web.com\/labo\/#website\"},\"datePublished\":\"2012-12-27T15:11:42+00:00\",\"dateModified\":\"2023-03-22T20:42:54+00:00\",\"breadcrumb\":{\"@id\":\"https:\/\/jng-web.com\/labo\/charte-de-moderation-des-commentaires\/#breadcrumb\"},\"inLanguage\":\"fr-FR\",\"potentialAction\":[{\"@type\":\"ReadAction\",\"target\":[\"https:\/\/jng-web.com\/labo\/charte-de-moderation-des-commentaires\/\"]}]},{\"@type\":\"BreadcrumbList\",\"@id\":\"https:\/\/jng-web.com\/labo\/charte-de-moderation-des-commentaires\/#breadcrumb\",\"itemListElement\":[{\"@type\":\"ListItem\",\"position\":1,\"name\":\"Labo Jng Web\",\"item\":\"https:\/\/jng-web.com\/labo\/\"},{\"@type\":\"ListItem\",\"position\":2,\"name\":\"Charte de mod\u00e9ration des commentaires\"}]},{\"@type\":\"WebSite\",\"@id\":\"https:\/\/jng-web.com\/labo\/#website\",\"url\":\"https:\/\/jng-web.com\/labo\/\",\"name\":\"Labo JNG WEB\",\"description\":\"R\u00e9f\u00e9rencement, Webmastering, CMS, Logiciels ...\",\"publisher\":{\"@id\":\"https:\/\/jng-web.com\/labo\/#organization\"},\"potentialAction\":[{\"@type\":\"SearchAction\",\"target\":{\"@type\":\"EntryPoint\",\"urlTemplate\":\"https:\/\/jng-web.com\/labo\/?s={search_term_string}\"},\"query-input\":\"required name=search_term_string\"}],\"inLanguage\":\"fr-FR\"},{\"@type\":\"Organization\",\"@id\":\"https:\/\/jng-web.com\/labo\/#organization\",\"name\":\"JNG WEB \/\/ J\u00e9r\u00f4me Guri\",\"url\":\"https:\/\/jng-web.com\/labo\/\",\"logo\":{\"@type\":\"ImageObject\",\"inLanguage\":\"fr-FR\",\"@id\":\"https:\/\/jng-web.com\/labo\/#\/schema\/logo\/image\/\",\"url\":\"https:\/\/jng-web.com\/labo\/wp-content\/uploads\/2015\/04\/logo.png\",\"contentUrl\":\"https:\/\/jng-web.com\/labo\/wp-content\/uploads\/2015\/04\/logo.png\",\"width\":342,\"height\":110,\"caption\":\"JNG WEB \/\/ J\u00e9r\u00f4me Guri\"},\"image\":{\"@id\":\"https:\/\/jng-web.com\/labo\/#\/schema\/logo\/image\/\"},\"sameAs\":[\"https:\/\/www.facebook.com\/webmaster.referencement.dijon\",\"https:\/\/twitter.com\/jng_web\",\"https:\/\/fr.linkedin.com\/in\/jeromeguri\"]}]}<\/script>\n<!-- \/ Yoast SEO plugin. -->","yoast_head_json":{"title":"Charte de mod\u00e9ration des commentaires - Labo JNG WEB","robots":{"index":"index","follow":"follow","max-snippet":"max-snippet:-1","max-image-preview":"max-image-preview:large","max-video-preview":"max-video-preview:-1"},"canonical":"https:\/\/jng-web.com\/labo\/charte-de-moderation-des-commentaires\/","og_locale":"fr_FR","og_type":"article","og_title":"Charte de mod\u00e9ration des commentaires - Labo JNG WEB","og_description":"Les commentaires de ce blog sont ouverts \u00e0 tous les internautes. Le d\u00e9p\u00f4t de commentaires sur les articles de ce blog ne n\u00e9cessite aucune inscription. &hellip;","og_url":"https:\/\/jng-web.com\/labo\/charte-de-moderation-des-commentaires\/","og_site_name":"Labo JNG WEB","article_publisher":"https:\/\/www.facebook.com\/webmaster.referencement.dijon","article_modified_time":"2023-03-22T20:42:54+00:00","og_image":[{"width":200,"height":200,"url":"https:\/\/jng-web.com\/labo\/wp-content\/uploads\/2015\/03\/logo1.jpg","type":"image\/jpeg"}],"twitter_misc":{"Dur\u00e9e de lecture estim\u00e9e":"2 minutes"},"schema":{"@context":"https:\/\/schema.org","@graph":[{"@type":"WebPage","@id":"https:\/\/jng-web.com\/labo\/charte-de-moderation-des-commentaires\/","url":"https:\/\/jng-web.com\/labo\/charte-de-moderation-des-commentaires\/","name":"Charte de mod\u00e9ration des commentaires - Labo JNG WEB","isPartOf":{"@id":"https:\/\/jng-web.com\/labo\/#website"},"datePublished":"2012-12-27T15:11:42+00:00","dateModified":"2023-03-22T20:42:54+00:00","breadcrumb":{"@id":"https:\/\/jng-web.com\/labo\/charte-de-moderation-des-commentaires\/#breadcrumb"},"inLanguage":"fr-FR","potentialAction":[{"@type":"ReadAction","target":["https:\/\/jng-web.com\/labo\/charte-de-moderation-des-commentaires\/"]}]},{"@type":"BreadcrumbList","@id":"https:\/\/jng-web.com\/labo\/charte-de-moderation-des-commentaires\/#breadcrumb","itemListElement":[{"@type":"ListItem","position":1,"name":"Labo Jng Web","item":"https:\/\/jng-web.com\/labo\/"},{"@type":"ListItem","position":2,"name":"Charte de mod\u00e9ration des commentaires"}]},{"@type":"WebSite","@id":"https:\/\/jng-web.com\/labo\/#website","url":"https:\/\/jng-web.com\/labo\/","name":"Labo JNG WEB","description":"R\u00e9f\u00e9rencement, Webmastering, CMS, Logiciels ...","publisher":{"@id":"https:\/\/jng-web.com\/labo\/#organization"},"potentialAction":[{"@type":"SearchAction","target":{"@type":"EntryPoint","urlTemplate":"https:\/\/jng-web.com\/labo\/?s={search_term_string}"},"query-input":"required name=search_term_string"}],"inLanguage":"fr-FR"},{"@type":"Organization","@id":"https:\/\/jng-web.com\/labo\/#organization","name":"JNG WEB \/\/ J\u00e9r\u00f4me Guri","url":"https:\/\/jng-web.com\/labo\/","logo":{"@type":"ImageObject","inLanguage":"fr-FR","@id":"https:\/\/jng-web.com\/labo\/#\/schema\/logo\/image\/","url":"https:\/\/jng-web.com\/labo\/wp-content\/uploads\/2015\/04\/logo.png","contentUrl":"https:\/\/jng-web.com\/labo\/wp-content\/uploads\/2015\/04\/logo.png","width":342,"height":110,"caption":"JNG WEB \/\/ J\u00e9r\u00f4me Guri"},"image":{"@id":"https:\/\/jng-web.com\/labo\/#\/schema\/logo\/image\/"},"sameAs":["https:\/\/www.facebook.com\/webmaster.referencement.dijon","https:\/\/twitter.com\/jng_web","https:\/\/fr.linkedin.com\/in\/jeromeguri"]}]}},"_links":{"self":[{"href":"https:\/\/jng-web.com\/labo\/wp-json\/wp\/v2\/pages\/1317","targetHints":{"allow":["GET"]}}],"collection":[{"href":"https:\/\/jng-web.com\/labo\/wp-json\/wp\/v2\/pages"}],"about":[{"href":"https:\/\/jng-web.com\/labo\/wp-json\/wp\/v2\/types\/page"}],"author":[{"embeddable":true,"href":"https:\/\/jng-web.com\/labo\/wp-json\/wp\/v2\/users\/2"}],"replies":[{"embeddable":true,"href":"https:\/\/jng-web.com\/labo\/wp-json\/wp\/v2\/comments?post=1317"}],"version-history":[{"count":0,"href":"https:\/\/jng-web.com\/labo\/wp-json\/wp\/v2\/pages\/1317\/revisions"}],"wp:attachment":[{"href":"https:\/\/jng-web.com\/labo\/wp-json\/wp\/v2\/media?parent=1317"}],"curies":[{"name":"wp","href":"https:\/\/api.w.org\/{rel}","templated":true}]}}