{"id":13819,"date":"2018-05-20T18:34:32","date_gmt":"2018-05-20T16:34:32","guid":{"rendered":"http:\/\/www.jng-web.com\/labo\/gdpr-rgpd-demande-de-donnees-personnelles\/"},"modified":"2018-05-20T18:34:32","modified_gmt":"2018-05-20T16:34:32","slug":"gdpr-rgpd-demande-de-donnees-personnelles","status":"publish","type":"page","link":"https:\/\/jng-web.com\/labo\/gdpr-rgpd-demande-de-donnees-personnelles\/","title":{"rendered":"GDPR\/RGPD &#8211; Demande de donn\u00e9es personnelles"},"content":{"rendered":"<div class=\"advads-avant-le-contenu\" id=\"advads-972128378\"><script async src=\"\/\/pagead2.googlesyndication.com\/pagead\/js\/adsbygoogle.js?client=ca-pub-4944504088214075\" crossorigin=\"anonymous\"><\/script><ins class=\"adsbygoogle\" style=\"display:block;\" data-ad-client=\"ca-pub-4944504088214075\" \ndata-ad-slot=\"4514395581\" \ndata-ad-format=\"auto\"><\/ins>\n<script> \n(adsbygoogle = window.adsbygoogle || []).push({}); \n<\/script>\n<\/div><div class=\"advads-test\" style=\"margin-left: auto;margin-right: auto;text-align: center;\" id=\"advads-464820815\"><script async src=\"\/\/pagead2.googlesyndication.com\/pagead\/js\/adsbygoogle.js?client=ca-pub-4944504088214075\" crossorigin=\"anonymous\"><\/script><ins class=\"adsbygoogle\" style=\"display:block;\" data-ad-client=\"ca-pub-4944504088214075\" \ndata-ad-slot=\"4514395581\" \ndata-ad-format=\"auto\"><\/ins>\n<script> \n(adsbygoogle = window.adsbygoogle || []).push({}); \n<\/script>\n<\/div>    <form method=\"post\">\n\t\tE-mail:<br>\n        <input type=\"email\" name=\"email\" required>\n        <br><br>\n        <input type=\"checkbox\" name=\"checkbox_gdpr\" id=\"checkbox_gdpr\" required>\n        <label for=\"checkbox_gdpr\">\n\t\t\tJe consens \u00e0 ce queLabo JNG WEB collecte mon email afin qu'il puisse m'envoyer les informations demand\u00e9es.\n            Pour plus d'informations, consultez notre politique de confidentialit\u00e9 o\u00f9 vous obtiendrez plus d'informations sur o\u00f9, comment et pourquoi nous stockons vos donn\u00e9es.        <\/label>\n        <br><br>\n        <input type=\"hidden\" name=\"gdpr_translation\" value=\"fr\">\n        <input type=\"hidden\" name=\"mail_action\" value=\"gdpr\">\n        <input type=\"submit\" name=\"gdpr_req\" value=\"Valider\">\n    <\/form>\n\n\n\n","protected":false},"excerpt":{"rendered":"","protected":false},"author":2,"featured_media":0,"parent":0,"menu_order":0,"comment_status":"closed","ping_status":"closed","template":"","meta":{"_exactmetrics_skip_tracking":false,"_exactmetrics_sitenote_active":false,"_exactmetrics_sitenote_note":"","_exactmetrics_sitenote_category":0,"footnotes":""},"class_list":["post-13819","page","type-page","status-publish","hentry"],"yoast_head":"<!-- This site is optimized with the Yoast SEO plugin v21.9.1 - https:\/\/yoast.com\/wordpress\/plugins\/seo\/ -->\n<title>GDPR\/RGPD - Demande de donn\u00e9es personnelles - Labo JNG WEB<\/title>\n<meta name=\"robots\" content=\"index, follow, max-snippet:-1, max-image-preview:large, max-video-preview:-1\" \/>\n<link rel=\"canonical\" href=\"https:\/\/jng-web.com\/labo\/gdpr-rgpd-demande-de-donnees-personnelles\/\" \/>\n<meta property=\"og:locale\" content=\"fr_FR\" \/>\n<meta property=\"og:type\" content=\"article\" \/>\n<meta property=\"og:title\" content=\"GDPR\/RGPD - Demande de donn\u00e9es personnelles - Labo JNG WEB\" \/>\n<meta property=\"og:url\" content=\"https:\/\/jng-web.com\/labo\/gdpr-rgpd-demande-de-donnees-personnelles\/\" \/>\n<meta property=\"og:site_name\" content=\"Labo JNG WEB\" \/>\n<meta property=\"article:publisher\" content=\"https:\/\/www.facebook.com\/webmaster.referencement.dijon\" \/>\n<meta property=\"og:image\" content=\"https:\/\/jng-web.com\/labo\/wp-content\/uploads\/2015\/03\/logo1.jpg\" \/>\n\t<meta property=\"og:image:width\" content=\"200\" \/>\n\t<meta property=\"og:image:height\" content=\"200\" \/>\n\t<meta property=\"og:image:type\" content=\"image\/jpeg\" \/>\n<script type=\"application\/ld+json\" class=\"yoast-schema-graph\">{\"@context\":\"https:\/\/schema.org\",\"@graph\":[{\"@type\":\"WebPage\",\"@id\":\"https:\/\/jng-web.com\/labo\/gdpr-rgpd-demande-de-donnees-personnelles\/\",\"url\":\"https:\/\/jng-web.com\/labo\/gdpr-rgpd-demande-de-donnees-personnelles\/\",\"name\":\"GDPR\/RGPD - Demande de donn\u00e9es personnelles - Labo JNG WEB\",\"isPartOf\":{\"@id\":\"https:\/\/jng-web.com\/labo\/#website\"},\"datePublished\":\"2018-05-20T16:34:32+00:00\",\"dateModified\":\"2018-05-20T16:34:32+00:00\",\"breadcrumb\":{\"@id\":\"https:\/\/jng-web.com\/labo\/gdpr-rgpd-demande-de-donnees-personnelles\/#breadcrumb\"},\"inLanguage\":\"fr-FR\",\"potentialAction\":[{\"@type\":\"ReadAction\",\"target\":[\"https:\/\/jng-web.com\/labo\/gdpr-rgpd-demande-de-donnees-personnelles\/\"]}]},{\"@type\":\"BreadcrumbList\",\"@id\":\"https:\/\/jng-web.com\/labo\/gdpr-rgpd-demande-de-donnees-personnelles\/#breadcrumb\",\"itemListElement\":[{\"@type\":\"ListItem\",\"position\":1,\"name\":\"Labo Jng Web\",\"item\":\"https:\/\/jng-web.com\/labo\/\"},{\"@type\":\"ListItem\",\"position\":2,\"name\":\"GDPR\/RGPD &#8211; Demande de donn\u00e9es personnelles\"}]},{\"@type\":\"WebSite\",\"@id\":\"https:\/\/jng-web.com\/labo\/#website\",\"url\":\"https:\/\/jng-web.com\/labo\/\",\"name\":\"Labo JNG WEB\",\"description\":\"R\u00e9f\u00e9rencement, Webmastering, CMS, Logiciels ...\",\"publisher\":{\"@id\":\"https:\/\/jng-web.com\/labo\/#organization\"},\"potentialAction\":[{\"@type\":\"SearchAction\",\"target\":{\"@type\":\"EntryPoint\",\"urlTemplate\":\"https:\/\/jng-web.com\/labo\/?s={search_term_string}\"},\"query-input\":\"required name=search_term_string\"}],\"inLanguage\":\"fr-FR\"},{\"@type\":\"Organization\",\"@id\":\"https:\/\/jng-web.com\/labo\/#organization\",\"name\":\"JNG WEB \/\/ J\u00e9r\u00f4me Guri\",\"url\":\"https:\/\/jng-web.com\/labo\/\",\"logo\":{\"@type\":\"ImageObject\",\"inLanguage\":\"fr-FR\",\"@id\":\"https:\/\/jng-web.com\/labo\/#\/schema\/logo\/image\/\",\"url\":\"https:\/\/jng-web.com\/labo\/wp-content\/uploads\/2015\/04\/logo.png\",\"contentUrl\":\"https:\/\/jng-web.com\/labo\/wp-content\/uploads\/2015\/04\/logo.png\",\"width\":342,\"height\":110,\"caption\":\"JNG WEB \/\/ J\u00e9r\u00f4me Guri\"},\"image\":{\"@id\":\"https:\/\/jng-web.com\/labo\/#\/schema\/logo\/image\/\"},\"sameAs\":[\"https:\/\/www.facebook.com\/webmaster.referencement.dijon\",\"https:\/\/twitter.com\/jng_web\",\"https:\/\/fr.linkedin.com\/in\/jeromeguri\"]}]}<\/script>\n<!-- \/ Yoast SEO plugin. -->","yoast_head_json":{"title":"GDPR\/RGPD - Demande de donn\u00e9es personnelles - Labo JNG WEB","robots":{"index":"index","follow":"follow","max-snippet":"max-snippet:-1","max-image-preview":"max-image-preview:large","max-video-preview":"max-video-preview:-1"},"canonical":"https:\/\/jng-web.com\/labo\/gdpr-rgpd-demande-de-donnees-personnelles\/","og_locale":"fr_FR","og_type":"article","og_title":"GDPR\/RGPD - Demande de donn\u00e9es personnelles - Labo JNG WEB","og_url":"https:\/\/jng-web.com\/labo\/gdpr-rgpd-demande-de-donnees-personnelles\/","og_site_name":"Labo JNG WEB","article_publisher":"https:\/\/www.facebook.com\/webmaster.referencement.dijon","og_image":[{"width":200,"height":200,"url":"https:\/\/jng-web.com\/labo\/wp-content\/uploads\/2015\/03\/logo1.jpg","type":"image\/jpeg"}],"schema":{"@context":"https:\/\/schema.org","@graph":[{"@type":"WebPage","@id":"https:\/\/jng-web.com\/labo\/gdpr-rgpd-demande-de-donnees-personnelles\/","url":"https:\/\/jng-web.com\/labo\/gdpr-rgpd-demande-de-donnees-personnelles\/","name":"GDPR\/RGPD - Demande de donn\u00e9es personnelles - Labo JNG WEB","isPartOf":{"@id":"https:\/\/jng-web.com\/labo\/#website"},"datePublished":"2018-05-20T16:34:32+00:00","dateModified":"2018-05-20T16:34:32+00:00","breadcrumb":{"@id":"https:\/\/jng-web.com\/labo\/gdpr-rgpd-demande-de-donnees-personnelles\/#breadcrumb"},"inLanguage":"fr-FR","potentialAction":[{"@type":"ReadAction","target":["https:\/\/jng-web.com\/labo\/gdpr-rgpd-demande-de-donnees-personnelles\/"]}]},{"@type":"BreadcrumbList","@id":"https:\/\/jng-web.com\/labo\/gdpr-rgpd-demande-de-donnees-personnelles\/#breadcrumb","itemListElement":[{"@type":"ListItem","position":1,"name":"Labo Jng Web","item":"https:\/\/jng-web.com\/labo\/"},{"@type":"ListItem","position":2,"name":"GDPR\/RGPD &#8211; Demande de donn\u00e9es personnelles"}]},{"@type":"WebSite","@id":"https:\/\/jng-web.com\/labo\/#website","url":"https:\/\/jng-web.com\/labo\/","name":"Labo JNG WEB","description":"R\u00e9f\u00e9rencement, Webmastering, CMS, Logiciels ...","publisher":{"@id":"https:\/\/jng-web.com\/labo\/#organization"},"potentialAction":[{"@type":"SearchAction","target":{"@type":"EntryPoint","urlTemplate":"https:\/\/jng-web.com\/labo\/?s={search_term_string}"},"query-input":"required name=search_term_string"}],"inLanguage":"fr-FR"},{"@type":"Organization","@id":"https:\/\/jng-web.com\/labo\/#organization","name":"JNG WEB \/\/ J\u00e9r\u00f4me Guri","url":"https:\/\/jng-web.com\/labo\/","logo":{"@type":"ImageObject","inLanguage":"fr-FR","@id":"https:\/\/jng-web.com\/labo\/#\/schema\/logo\/image\/","url":"https:\/\/jng-web.com\/labo\/wp-content\/uploads\/2015\/04\/logo.png","contentUrl":"https:\/\/jng-web.com\/labo\/wp-content\/uploads\/2015\/04\/logo.png","width":342,"height":110,"caption":"JNG WEB \/\/ J\u00e9r\u00f4me Guri"},"image":{"@id":"https:\/\/jng-web.com\/labo\/#\/schema\/logo\/image\/"},"sameAs":["https:\/\/www.facebook.com\/webmaster.referencement.dijon","https:\/\/twitter.com\/jng_web","https:\/\/fr.linkedin.com\/in\/jeromeguri"]}]}},"_links":{"self":[{"href":"https:\/\/jng-web.com\/labo\/wp-json\/wp\/v2\/pages\/13819","targetHints":{"allow":["GET"]}}],"collection":[{"href":"https:\/\/jng-web.com\/labo\/wp-json\/wp\/v2\/pages"}],"about":[{"href":"https:\/\/jng-web.com\/labo\/wp-json\/wp\/v2\/types\/page"}],"author":[{"embeddable":true,"href":"https:\/\/jng-web.com\/labo\/wp-json\/wp\/v2\/users\/2"}],"replies":[{"embeddable":true,"href":"https:\/\/jng-web.com\/labo\/wp-json\/wp\/v2\/comments?post=13819"}],"version-history":[{"count":0,"href":"https:\/\/jng-web.com\/labo\/wp-json\/wp\/v2\/pages\/13819\/revisions"}],"wp:attachment":[{"href":"https:\/\/jng-web.com\/labo\/wp-json\/wp\/v2\/media?parent=13819"}],"curies":[{"name":"wp","href":"https:\/\/api.w.org\/{rel}","templated":true}]}}