{"id":13834,"date":"2018-05-20T18:40:14","date_gmt":"2018-05-20T16:40:14","guid":{"rendered":"http:\/\/www.jng-web.com\/labo\/?page_id=13834"},"modified":"2025-07-10T21:03:09","modified_gmt":"2025-07-10T19:03:09","slug":"politique-de-confidentialite","status":"publish","type":"page","link":"https:\/\/jng-web.com\/labo\/politique-de-confidentialite\/","title":{"rendered":"Politique de confidentialit\u00e9"},"content":{"rendered":"<div class=\"advads-avant-le-contenu\" id=\"advads-3774994594\"><script async src=\"\/\/pagead2.googlesyndication.com\/pagead\/js\/adsbygoogle.js?client=ca-pub-4944504088214075\" crossorigin=\"anonymous\"><\/script><ins class=\"adsbygoogle\" style=\"display:block;\" data-ad-client=\"ca-pub-4944504088214075\" \ndata-ad-slot=\"4514395581\" \ndata-ad-format=\"auto\"><\/ins>\n<script> \n(adsbygoogle = window.adsbygoogle || []).push({}); \n<\/script>\n<\/div><div class=\"advads-test\" style=\"margin-left: auto;margin-right: auto;text-align: center;\" id=\"advads-4003055701\"><script async src=\"\/\/pagead2.googlesyndication.com\/pagead\/js\/adsbygoogle.js?client=ca-pub-4944504088214075\" crossorigin=\"anonymous\"><\/script><ins class=\"adsbygoogle\" style=\"display:block;\" data-ad-client=\"ca-pub-4944504088214075\" \ndata-ad-slot=\"4514395581\" \ndata-ad-format=\"auto\"><\/ins>\n<script> \n(adsbygoogle = window.adsbygoogle || []).push({}); \n<\/script>\n<\/div><h2>Qui sommes-nous\u00a0?<\/h2>\n<p>L\u2019adresse de notre site Web est\u00a0: http:\/\/www.jng-web.com\/labo<\/p>\n<h2>Utilisation des donn\u00e9es personnelles collect\u00e9es<\/h2>\n<p>A l\u2019occasion de l\u2019utilisation du site http:\/\/www.jng-web.com, peuvent \u00eatres recueillies : l\u2019URL des liens par l\u2019interm\u00e9diaire desquels l\u2019utilisateur a acc\u00e9d\u00e9 au site http:\/\/www.jng-web.com, le fournisseur d\u2019acc\u00e8s de l\u2019utilisateur, l\u2019adresse de protocole Internet (IP) de l\u2019utilisateur.<\/p>\n<p>En tout \u00e9tat de cause J\u00e9r\u00f4me Guri ne collecte des informations personnelles relatives \u00e0 l\u2019utilisateur que pour le besoin de certains services propos\u00e9s par le site http:\/\/www.jng-web.com. L\u2019utilisateur fournit ces informations en toute connaissance de cause, notamment lorsqu\u2019il proc\u00e8de par lui-m\u00eame \u00e0 leur saisie. Il est alors pr\u00e9cis\u00e9 \u00e0 l\u2019utilisateur du site http:\/\/www.jng-web.com l\u2019obligation ou non de fournir ces informations.<\/p>\n<p>Conform\u00e9ment aux dispositions des articles 38 et suivants de la loi 78-17 du 6 janvier 1978 relative \u00e0 l\u2019informatique, aux fichiers et aux libert\u00e9s, tout utilisateur dispose d\u2019un droit d\u2019acc\u00e8s, de rectification et d\u2019opposition aux donn\u00e9es personnelles le concernant, en effectuant sa demande \u00e9crite et sign\u00e9e, accompagn\u00e9e d\u2019une copie du titre d\u2019identit\u00e9 avec signature du titulaire de la pi\u00e8ce, en pr\u00e9cisant l\u2019adresse \u00e0 laquelle la r\u00e9ponse doit \u00eatre envoy\u00e9e.<\/p>\n<p>Aucune information personnelle de l\u2019utilisateur du site http:\/\/www.jng-web.com\/labo n\u2019est publi\u00e9e \u00e0 l\u2019insu de l\u2019utilisateur, \u00e9chang\u00e9e, transf\u00e9r\u00e9e, c\u00e9d\u00e9e ou vendue sur un support quelconque \u00e0 des tiers. Seule l\u2019hypoth\u00e8se du rachat de J\u00e9r\u00f4me Guri et de ses droits permettrait la transmission des dites informations \u00e0 l\u2019\u00e9ventuel acqu\u00e9reur qui serait \u00e0 son tour tenu de la m\u00eame obligation de conservation et de modification des donn\u00e9es vis \u00e0 vis de l\u2019utilisateur du site http:\/\/www.jng-web.com\/labo.<\/p>\n<h3>Commentaires<\/h3>\n<p>Quand vous laissez un commentaire sur notre site web, les donn\u00e9es inscrites dans le formulaire de commentaire, mais aussi votre adresse IP et l\u2019agent utilisateur de votre navigateur sont collect\u00e9s pour nous aider \u00e0 la d\u00e9tection des commentaires ind\u00e9sirables.<\/p>\n<p>Une cha\u00eene anonymis\u00e9e cr\u00e9\u00e9e \u00e0 partir de votre adresse de messagerie (\u00e9galement appel\u00e9e hash) peut \u00eatre envoy\u00e9e au service Gravatar pour v\u00e9rifier si vous utilisez ce dernier. Les clauses de confidentialit\u00e9 du service Gravatar sont disponibles ici\u00a0: https:\/\/automattic.com\/privacy\/. Apr\u00e8s validation de votre commentaire, votre photo de profil sera visible publiquement \u00e0 cot\u00e9 de votre commentaire.<\/p>\n<h3>M\u00e9dias<\/h3>\n<p>Si vous \u00eates un utilisateur ou une utilisatrice enregistr\u00e9\u00b7e et que vous t\u00e9l\u00e9versez des images sur le site web, nous vous conseillons d\u2019\u00e9viter de t\u00e9l\u00e9verser des images contenant des donn\u00e9es EXIF de coordonn\u00e9es GPS. Les visiteurs de votre site web peuvent t\u00e9l\u00e9charger et extraire des donn\u00e9es de localisation depuis ces images.<\/p>\n<h3>Formulaires de contact<\/h3>\n<p>Les soumissions d\u2019un formulaire de contact sont conserv\u00e9es sont une dur\u00e9e d&rsquo;un an pour des questions li\u00e9es au service client, Les donn\u00e9es r\u00e9colt\u00e9es ne sont pas utilis\u00e9es pas \u00e0 des fins commerciales.<\/p>\n<h3>Cookies<\/h3>\n<p>Un cookie est un petit fichier texte stock\u00e9 sur votre ordinateur. Les cookies stockent les informations utilis\u00e9es pour aider \u00e0 faire fonctionner les sites. Seulement nous pouvons acc\u00e9der aux cookies cr\u00e9\u00e9s par notre site Web. Vous pouvez contr\u00f4ler vos cookies au niveau du navigateur. Choisir de d\u00e9sactiver les cookies peut vous emp\u00eacher d&rsquo;utiliser certaines fonctions.<\/p>\n<p>Nous utilisons des cookies aux fins suivantes:<\/p>\n<ul>\n<li>Cookies n\u00e9cessaires: ces cookies sont n\u00e9cessaires pour que vous puissiez utiliser certaines fonctionnalit\u00e9s importantes sur notre site Web, telles que la connexion. Ces cookies ne collectent aucune information personnelle.<\/li>\n<li>Cookies de fonctionnalit\u00e9: ces cookies fournissent des fonctionnalit\u00e9s qui facilitent l&rsquo;utilisation de notre service et permettent de proposer des fonctionnalit\u00e9s plus personnalis\u00e9es. Par exemple, ils peuvent se souvenir de votre nom et de votre adresse e-mail dans les formulaires de commentaire, vous n&rsquo;avez donc pas besoin de ressaisir cette information la prochaine fois que vous commentez.<\/li>\n<li>Cookies d&rsquo;analyse &#8211; ces cookies sont utilis\u00e9s pour suivre l&rsquo;utilisation et les performances de notre site Web et de nos services<\/li>\n<li>Cookies publicitaires: ces cookies sont utilis\u00e9s pour diffuser des annonces pertinentes pour vous et vos centres d&rsquo;int\u00e9r\u00eat. En outre, ils sont utilis\u00e9s pour limiter le nombre de fois que vous voyez une publicit\u00e9. Ils sont g\u00e9n\u00e9ralement plac\u00e9s sur le site Web par des r\u00e9seaux publicitaires avec la permission de l&rsquo;op\u00e9rateur du site. Ces cookies se souviennent que vous avez visit\u00e9 un site Web et que ces informations sont partag\u00e9es avec d&rsquo;autres organisations telles que les annonceurs. Souvent, les cookies de ciblage ou de publicit\u00e9 seront li\u00e9s aux fonctionnalit\u00e9s du site fournies par l&rsquo;autre organisation.<\/li>\n<\/ul>\n<p>Vous pouvez supprimer les cookies stock\u00e9s dans votre ordinateur via les param\u00e8tres de votre navigateur. Vous pouvez \u00e9galement contr\u00f4ler certains cookies tiers en utilisant une plate-forme d&rsquo;am\u00e9lioration de la confidentialit\u00e9 telle que <a href=\"https:\/\/optout.aboutads.info\/?locale=en-US#!\/\" target=\"_blank\" rel=\"noopener noreferrer\" class=\"broken_link\"> optout.aboutads .info <\/a> ou <a href=\"https:\/\/www.youronlinechoices.com\/\" target=\"_blank\" rel=\"noopener noreferrer\"> youronlinechoices.com <\/a>. Pour plus d&rsquo;informations sur les cookies, consultez <a href=\"https:\/\/allaboutcookies.org\/\" target=\"_blank\" rel=\"noopener noreferrer\"> allaboutcookies.org <\/a>.<\/p>\n<p>Si vous d\u00e9posez un commentaire sur notre site, il vous sera propos\u00e9 d\u2019enregistrer votre nom, adresse de messagerie et site web dans des cookies. C\u2019est uniquement pour votre confort afin de ne pas avoir \u00e0 saisir ces informations si vous d\u00e9posez un autre commentaire plus tard. Ces cookies expirent au bout d\u2019un an.<\/p>\n<p>Si vous avez un compte et que vous vous connectez sur ce site, un cookie temporaire sera cr\u00e9\u00e9 afin de d\u00e9terminer si votre navigateur accepte les cookies. Il ne contient pas de donn\u00e9es personnelles et sera supprim\u00e9 automatiquement \u00e0 la fermeture de votre navigateur.<\/p>\n<p>Lorsque vous vous connecterez, nous mettrons en place un certain nombre de cookies pour enregistrer vos informations de connexion et vos pr\u00e9f\u00e9rences d\u2019\u00e9cran. La dur\u00e9e de vie d\u2019un cookie de connexion est de deux jours, celle d\u2019un cookie d\u2019option d\u2019\u00e9cran est d\u2019un an. Si vous cochez \u00ab\u00a0Se souvenir de moi\u00a0\u00bb, votre cookie de connexion sera conserv\u00e9 pendant deux semaines. Si vous vous d\u00e9connectez de votre compte, le cookie de connexion sera effac\u00e9.<\/p>\n<p>En modifiant ou en publiant un article, un cookie suppl\u00e9mentaire sera enregistr\u00e9 dans votre navigateur. Ce cookie ne comprend aucune donn\u00e9e personnelle. Il indique simplement l\u2019identifiant de l\u2019article que vous venez de modifier. Il expire au bout d\u2019un jour.<\/p>\n<h3>Contenu embarqu\u00e9 depuis d\u2019autres sites<\/h3>\n<p>Les articles de ce site peuvent inclure des contenus int\u00e9gr\u00e9s (par exemple des vid\u00e9os, images, articles\u2026). Le contenu int\u00e9gr\u00e9 depuis d\u2019autres sites se comporte de la m\u00eame mani\u00e8re que si le visiteur se rendait sur cet autre site.<\/p>\n<p>Ces sites web pourraient collecter des donn\u00e9es sur vous, utiliser des cookies, embarquer des outils de suivis tiers, suivre vos interactions avec ces contenus embarqu\u00e9s si vous disposez d\u2019un compte connect\u00e9 sur leur site web.<\/p>\n<h3>Statistiques et mesures d\u2019audience<\/h3>\n<p>Le site internet utilise le service Google Analytics pour les mesures d&rsquo;audience.<br \/>\nGoogle a sa propre politique de confidentialit\u00e9 que vous pouvez consulter <a href=\"https:\/\/support.google.com\/analytics\/answer\/6004245\" target=\"_blank\" rel=\"noopener noreferrer\"> ici <\/a>. Si vous souhaitez d\u00e9sactiver le suivi par Google Analytics, consultez la <a href=\"https:\/\/tools.google.com\/dlpage\/gaoptout\" target=\"_blank\" rel=\"noopener noreferrer\"> page de d\u00e9sactivation de Google Analytics.<\/a><\/p>\n<h2>Utilisation et transmission de vos donn\u00e9es personnelles<\/h2>\n<p>Vos informations personnelles ne sont pas partag\u00e9es.<\/p>\n<h2>Dur\u00e9es de stockage de vos donn\u00e9es<\/h2>\n<p>Si vous laissez un commentaire, le commentaire et ses m\u00e9tadonn\u00e9es sont conserv\u00e9s ind\u00e9finiment. Cela permet de reconna\u00eetre et approuver automatiquement les commentaires suivants au lieu de les laisser dans la file de mod\u00e9ration.<\/p>\n<p>Pour les utilisateurs et utilisatrices qui s\u2019enregistrent sur notre site (si cela est possible), nous stockons \u00e9galement les donn\u00e9es personnelles indiqu\u00e9es dans leur profil. Tous les utilisateurs et utilisatrices peuvent voir, modifier ou supprimer leurs informations personnelles \u00e0 tout moment (\u00e0 l\u2019exception de leur nom d\u2019utilisateur\u00b7ice). Les gestionnaires du site peuvent aussi voir et modifier ces informations.<\/p>\n<h2>Les droits que vous avez sur vos donn\u00e9es<\/h2>\n<p>Si vous avez un compte ou si vous avez laiss\u00e9 des commentaires sur le site, vous pouvez demander \u00e0 recevoir un fichier contenant toutes les donn\u00e9es personnelles que nous poss\u00e9dons \u00e0 votre sujet, incluant celles que vous nous avez fournies. Vous pouvez \u00e9galement demander la suppression des donn\u00e9es personnelles vous concernant. Cela ne prend pas en compte les donn\u00e9es stock\u00e9es \u00e0 des fins administratives, l\u00e9gales ou pour des raisons de s\u00e9curit\u00e9.<\/p>\n<h2>Transmission de vos donn\u00e9es personnelles<\/h2>\n<p>Les commentaires des visiteurs peuvent \u00eatre v\u00e9rifi\u00e9s \u00e0 l\u2019aide d\u2019un service automatis\u00e9 de d\u00e9tection des commentaires ind\u00e9sirables.<\/p>\n<h2>Informations de contact<\/h2>\n<p>Pour toute demande concernant vos donn\u00e9es personnelles vous pouvez me contacter par mail \u00e0 l&rsquo;adresse suivante jng-web@live.fr ou via le <a href=\"https:\/\/jng-web.com\/wp-admin\/install.php\">formulaire de contact <\/a>du site.<\/p>\n<p>Vous pouvez \u00e9galement utiliser ce <a href=\"https:\/\/jng-web.com\/wp-admin\/install.php\">formulaire<\/a> pour des requ\u00eates concernant vos donn\u00e9es personnelles.<\/p>\n<h3>Comment nous prot\u00e9geons vos donn\u00e9es<\/h3>\n<p>Nous faisons de notre mieux pour prot\u00e9ger vos donn\u00e9es personnelles.<\/p>\n<p>M\u00eame si nous faisons de notre mieux, nous ne pouvons pas garantir la s\u00e9curit\u00e9 de l&rsquo;information. Cependant, nous nous engageons \u00e0 informer les autorit\u00e9s comp\u00e9tentes des violations de donn\u00e9es. Nous vous aviserons \u00e9galement s&rsquo;il existe une menace pour vos droits ou int\u00e9r\u00eats. Nous ferons tout ce qui est raisonnablement possible pour pr\u00e9venir les violations de la s\u00e9curit\u00e9 et aider les autorit\u00e9s en cas de violation.<\/p>\n<h3>Proc\u00e9dures mises en \u0153uvre en cas de fuite de donn\u00e9es<\/h3>\n<p>En cas de fuite de donn\u00e9es, une notification est effectu\u00e9e aupr\u00e8s des utilisateurs impact\u00e9s et une notification est transmise \u00e0 la CNIL\u00a0dans les 24h de la constatation de la violation.<\/p>\n<h3>Mise \u00e0 jour de la politique de confidentialit\u00e9<\/h3>\n<p>Nous nous r\u00e9servons le droit d&rsquo;apporter des modifications \u00e0 cette politique de confidentialit\u00e9.<\/p>\n<p>La derni\u00e8re modification a \u00e9t\u00e9 faite le 20 mai 2018.<\/p>\n","protected":false},"excerpt":{"rendered":"<p>Qui sommes-nous\u00a0? L\u2019adresse de notre site Web est\u00a0: http:\/\/www.jng-web.com\/labo Utilisation des donn\u00e9es personnelles collect\u00e9es A l\u2019occasion de l\u2019utilisation du site http:\/\/www.jng-web.com, peuvent \u00eatres recueillies : &hellip; <\/p>\n","protected":false},"author":2,"featured_media":0,"parent":0,"menu_order":0,"comment_status":"closed","ping_status":"closed","template":"","meta":{"_exactmetrics_skip_tracking":false,"_exactmetrics_sitenote_active":false,"_exactmetrics_sitenote_note":"","_exactmetrics_sitenote_category":0,"footnotes":""},"class_list":["post-13834","page","type-page","status-publish","hentry"],"yoast_head":"<!-- This site is optimized with the Yoast SEO plugin v21.9.1 - https:\/\/yoast.com\/wordpress\/plugins\/seo\/ -->\n<title>Politique de confidentialit\u00e9 - Labo JNG WEB<\/title>\n<meta name=\"robots\" content=\"index, follow, max-snippet:-1, max-image-preview:large, max-video-preview:-1\" \/>\n<link rel=\"canonical\" href=\"https:\/\/jng-web.com\/labo\/politique-de-confidentialite\/\" \/>\n<meta property=\"og:locale\" content=\"fr_FR\" \/>\n<meta property=\"og:type\" content=\"article\" \/>\n<meta property=\"og:title\" content=\"Politique de confidentialit\u00e9 - Labo JNG WEB\" \/>\n<meta property=\"og:description\" content=\"Qui sommes-nous\u00a0? L\u2019adresse de notre site Web est\u00a0: http:\/\/www.jng-web.com\/labo Utilisation des donn\u00e9es personnelles collect\u00e9es A l\u2019occasion de l\u2019utilisation du site http:\/\/www.jng-web.com, peuvent \u00eatres recueillies : &hellip;\" \/>\n<meta property=\"og:url\" content=\"https:\/\/jng-web.com\/labo\/politique-de-confidentialite\/\" \/>\n<meta property=\"og:site_name\" content=\"Labo JNG WEB\" \/>\n<meta property=\"article:publisher\" content=\"https:\/\/www.facebook.com\/webmaster.referencement.dijon\" \/>\n<meta property=\"article:modified_time\" content=\"2025-07-10T19:03:09+00:00\" \/>\n<meta property=\"og:image\" content=\"https:\/\/jng-web.com\/labo\/wp-content\/uploads\/2015\/03\/logo1.jpg\" \/>\n\t<meta property=\"og:image:width\" content=\"200\" \/>\n\t<meta property=\"og:image:height\" content=\"200\" \/>\n\t<meta property=\"og:image:type\" content=\"image\/jpeg\" \/>\n<meta name=\"twitter:label1\" content=\"Dur\u00e9e de lecture estim\u00e9e\" \/>\n\t<meta name=\"twitter:data1\" content=\"8 minutes\" \/>\n<script type=\"application\/ld+json\" class=\"yoast-schema-graph\">{\"@context\":\"https:\/\/schema.org\",\"@graph\":[{\"@type\":\"WebPage\",\"@id\":\"https:\/\/jng-web.com\/labo\/politique-de-confidentialite\/\",\"url\":\"https:\/\/jng-web.com\/labo\/politique-de-confidentialite\/\",\"name\":\"Politique de confidentialit\u00e9 - Labo JNG WEB\",\"isPartOf\":{\"@id\":\"https:\/\/jng-web.com\/labo\/#website\"},\"datePublished\":\"2018-05-20T16:40:14+00:00\",\"dateModified\":\"2025-07-10T19:03:09+00:00\",\"breadcrumb\":{\"@id\":\"https:\/\/jng-web.com\/labo\/politique-de-confidentialite\/#breadcrumb\"},\"inLanguage\":\"fr-FR\",\"potentialAction\":[{\"@type\":\"ReadAction\",\"target\":[\"https:\/\/jng-web.com\/labo\/politique-de-confidentialite\/\"]}]},{\"@type\":\"BreadcrumbList\",\"@id\":\"https:\/\/jng-web.com\/labo\/politique-de-confidentialite\/#breadcrumb\",\"itemListElement\":[{\"@type\":\"ListItem\",\"position\":1,\"name\":\"Labo Jng Web\",\"item\":\"https:\/\/jng-web.com\/labo\/\"},{\"@type\":\"ListItem\",\"position\":2,\"name\":\"Politique de confidentialit\u00e9\"}]},{\"@type\":\"WebSite\",\"@id\":\"https:\/\/jng-web.com\/labo\/#website\",\"url\":\"https:\/\/jng-web.com\/labo\/\",\"name\":\"Labo JNG WEB\",\"description\":\"R\u00e9f\u00e9rencement, Webmastering, CMS, Logiciels ...\",\"publisher\":{\"@id\":\"https:\/\/jng-web.com\/labo\/#organization\"},\"potentialAction\":[{\"@type\":\"SearchAction\",\"target\":{\"@type\":\"EntryPoint\",\"urlTemplate\":\"https:\/\/jng-web.com\/labo\/?s={search_term_string}\"},\"query-input\":\"required name=search_term_string\"}],\"inLanguage\":\"fr-FR\"},{\"@type\":\"Organization\",\"@id\":\"https:\/\/jng-web.com\/labo\/#organization\",\"name\":\"JNG WEB \/\/ J\u00e9r\u00f4me Guri\",\"url\":\"https:\/\/jng-web.com\/labo\/\",\"logo\":{\"@type\":\"ImageObject\",\"inLanguage\":\"fr-FR\",\"@id\":\"https:\/\/jng-web.com\/labo\/#\/schema\/logo\/image\/\",\"url\":\"https:\/\/jng-web.com\/labo\/wp-content\/uploads\/2015\/04\/logo.png\",\"contentUrl\":\"https:\/\/jng-web.com\/labo\/wp-content\/uploads\/2015\/04\/logo.png\",\"width\":342,\"height\":110,\"caption\":\"JNG WEB \/\/ J\u00e9r\u00f4me Guri\"},\"image\":{\"@id\":\"https:\/\/jng-web.com\/labo\/#\/schema\/logo\/image\/\"},\"sameAs\":[\"https:\/\/www.facebook.com\/webmaster.referencement.dijon\",\"https:\/\/twitter.com\/jng_web\",\"https:\/\/fr.linkedin.com\/in\/jeromeguri\"]}]}<\/script>\n<!-- \/ Yoast SEO plugin. -->","yoast_head_json":{"title":"Politique de confidentialit\u00e9 - Labo JNG WEB","robots":{"index":"index","follow":"follow","max-snippet":"max-snippet:-1","max-image-preview":"max-image-preview:large","max-video-preview":"max-video-preview:-1"},"canonical":"https:\/\/jng-web.com\/labo\/politique-de-confidentialite\/","og_locale":"fr_FR","og_type":"article","og_title":"Politique de confidentialit\u00e9 - Labo JNG WEB","og_description":"Qui sommes-nous\u00a0? L\u2019adresse de notre site Web est\u00a0: http:\/\/www.jng-web.com\/labo Utilisation des donn\u00e9es personnelles collect\u00e9es A l\u2019occasion de l\u2019utilisation du site http:\/\/www.jng-web.com, peuvent \u00eatres recueillies : &hellip;","og_url":"https:\/\/jng-web.com\/labo\/politique-de-confidentialite\/","og_site_name":"Labo JNG WEB","article_publisher":"https:\/\/www.facebook.com\/webmaster.referencement.dijon","article_modified_time":"2025-07-10T19:03:09+00:00","og_image":[{"width":200,"height":200,"url":"https:\/\/jng-web.com\/labo\/wp-content\/uploads\/2015\/03\/logo1.jpg","type":"image\/jpeg"}],"twitter_misc":{"Dur\u00e9e de lecture estim\u00e9e":"8 minutes"},"schema":{"@context":"https:\/\/schema.org","@graph":[{"@type":"WebPage","@id":"https:\/\/jng-web.com\/labo\/politique-de-confidentialite\/","url":"https:\/\/jng-web.com\/labo\/politique-de-confidentialite\/","name":"Politique de confidentialit\u00e9 - Labo JNG WEB","isPartOf":{"@id":"https:\/\/jng-web.com\/labo\/#website"},"datePublished":"2018-05-20T16:40:14+00:00","dateModified":"2025-07-10T19:03:09+00:00","breadcrumb":{"@id":"https:\/\/jng-web.com\/labo\/politique-de-confidentialite\/#breadcrumb"},"inLanguage":"fr-FR","potentialAction":[{"@type":"ReadAction","target":["https:\/\/jng-web.com\/labo\/politique-de-confidentialite\/"]}]},{"@type":"BreadcrumbList","@id":"https:\/\/jng-web.com\/labo\/politique-de-confidentialite\/#breadcrumb","itemListElement":[{"@type":"ListItem","position":1,"name":"Labo Jng Web","item":"https:\/\/jng-web.com\/labo\/"},{"@type":"ListItem","position":2,"name":"Politique de confidentialit\u00e9"}]},{"@type":"WebSite","@id":"https:\/\/jng-web.com\/labo\/#website","url":"https:\/\/jng-web.com\/labo\/","name":"Labo JNG WEB","description":"R\u00e9f\u00e9rencement, Webmastering, CMS, Logiciels ...","publisher":{"@id":"https:\/\/jng-web.com\/labo\/#organization"},"potentialAction":[{"@type":"SearchAction","target":{"@type":"EntryPoint","urlTemplate":"https:\/\/jng-web.com\/labo\/?s={search_term_string}"},"query-input":"required name=search_term_string"}],"inLanguage":"fr-FR"},{"@type":"Organization","@id":"https:\/\/jng-web.com\/labo\/#organization","name":"JNG WEB \/\/ J\u00e9r\u00f4me Guri","url":"https:\/\/jng-web.com\/labo\/","logo":{"@type":"ImageObject","inLanguage":"fr-FR","@id":"https:\/\/jng-web.com\/labo\/#\/schema\/logo\/image\/","url":"https:\/\/jng-web.com\/labo\/wp-content\/uploads\/2015\/04\/logo.png","contentUrl":"https:\/\/jng-web.com\/labo\/wp-content\/uploads\/2015\/04\/logo.png","width":342,"height":110,"caption":"JNG WEB \/\/ J\u00e9r\u00f4me Guri"},"image":{"@id":"https:\/\/jng-web.com\/labo\/#\/schema\/logo\/image\/"},"sameAs":["https:\/\/www.facebook.com\/webmaster.referencement.dijon","https:\/\/twitter.com\/jng_web","https:\/\/fr.linkedin.com\/in\/jeromeguri"]}]}},"_links":{"self":[{"href":"https:\/\/jng-web.com\/labo\/wp-json\/wp\/v2\/pages\/13834","targetHints":{"allow":["GET"]}}],"collection":[{"href":"https:\/\/jng-web.com\/labo\/wp-json\/wp\/v2\/pages"}],"about":[{"href":"https:\/\/jng-web.com\/labo\/wp-json\/wp\/v2\/types\/page"}],"author":[{"embeddable":true,"href":"https:\/\/jng-web.com\/labo\/wp-json\/wp\/v2\/users\/2"}],"replies":[{"embeddable":true,"href":"https:\/\/jng-web.com\/labo\/wp-json\/wp\/v2\/comments?post=13834"}],"version-history":[{"count":0,"href":"https:\/\/jng-web.com\/labo\/wp-json\/wp\/v2\/pages\/13834\/revisions"}],"wp:attachment":[{"href":"https:\/\/jng-web.com\/labo\/wp-json\/wp\/v2\/media?parent=13834"}],"curies":[{"name":"wp","href":"https:\/\/api.w.org\/{rel}","templated":true}]}}