{"id":21010,"date":"2023-04-09T09:35:03","date_gmt":"2023-04-09T07:35:03","guid":{"rendered":"https:\/\/jng-web.com\/labo\/?page_id=21010"},"modified":"2024-05-22T19:44:49","modified_gmt":"2024-05-22T17:44:49","slug":"quelle-est-mon-adresse-ip","status":"publish","type":"page","link":"https:\/\/jng-web.com\/labo\/quelle-est-mon-adresse-ip\/","title":{"rendered":"Quelle est mon adresse IP ?"},"content":{"rendered":"<div class=\"advads-avant-le-contenu\" id=\"advads-1234948261\"><script async src=\"\/\/pagead2.googlesyndication.com\/pagead\/js\/adsbygoogle.js?client=ca-pub-4944504088214075\" crossorigin=\"anonymous\"><\/script><ins class=\"adsbygoogle\" style=\"display:block;\" data-ad-client=\"ca-pub-4944504088214075\" \ndata-ad-slot=\"4514395581\" \ndata-ad-format=\"auto\"><\/ins>\n<script> \n(adsbygoogle = window.adsbygoogle || []).push({}); \n<\/script>\n<\/div><div class=\"advads-test\" style=\"margin-left: auto;margin-right: auto;text-align: center;\" id=\"advads-3814272470\"><script async src=\"\/\/pagead2.googlesyndication.com\/pagead\/js\/adsbygoogle.js?client=ca-pub-4944504088214075\" crossorigin=\"anonymous\"><\/script><ins class=\"adsbygoogle\" style=\"display:block;\" data-ad-client=\"ca-pub-4944504088214075\" \ndata-ad-slot=\"4514395581\" \ndata-ad-format=\"auto\"><\/ins>\n<script> \n(adsbygoogle = window.adsbygoogle || []).push({}); \n<\/script>\n<\/div><h2 style=\"text-align: center;\">Votre IP<\/h2>\n<p style=\"text-align: center;\"><strong>IP : 216.73.216.31<\/strong><\/p>\n<h2 style=\"text-align: center;\">Votre g\u00e9olocalisation<\/h2>\n<p style=\"text-align: center;\"><strong>Ville : Columbus<\/strong><br \/>\n<strong>R\u00e9gion : Ohio<\/strong><br \/>\n<strong>Pays :United States<\/strong><br \/>\nContinent : North America<br \/>\nLattitude : 39.9625<br \/>\nLongitude : -83.0061<br \/>\nTime Zone : America\/New_York<br \/>\nMonnaie : USD<\/p>\n<h2 style=\"text-align: center;\">Votre navigateur et syst\u00e8me d&rsquo;exploitation<\/h2>\n<p style=\"text-align: center;\"><strong>Navigateur : Unknown<\/strong><br \/>\n<strong>Syst\u00e8me d&rsquo;exploitation : Unknown OS Platform<\/strong><br \/>\n<strong>Fournisseur d&rsquo;acc\u00e8s : Amazon.com<\/strong><br \/>\nMobile (0 : non \/ 1 : oui) : 0<br \/>\nProxy (0 : non \/ 1 : oui) : 0<\/p>\n<h2>C&rsquo;est quoi une adresse IP ?<\/h2>\n<p>Une adresse IP (Internet Protocol) est une s\u00e9rie de nombres qui identifie de mani\u00e8re unique un appareil sur un r\u00e9seau informatique utilisant le protocole Internet pour la communication. Les adresses IP sont essentielles pour le routage des donn\u00e9es sur Internet et permettent aux appareils de se trouver et de se connecter les uns aux autres.<\/p>\n<h3>Types d&rsquo;Adresses IP<\/h3>\n<ol>\n<li><strong>Adresses IP publiques :<\/strong>\n<ul>\n<li><strong>D\u00e9finition :<\/strong> Une adresse IP publique est une adresse assign\u00e9e \u00e0 votre r\u00e9seau par votre fournisseur d&rsquo;acc\u00e8s Internet (FAI) et est visible par le monde ext\u00e9rieur.<\/li>\n<li><strong>Utilisation :<\/strong> Elle permet aux appareils ext\u00e9rieurs de se connecter \u00e0 votre r\u00e9seau, par exemple pour acc\u00e9der \u00e0 votre site web ou envoyer des emails.<\/li>\n<\/ul>\n<\/li>\n<li><strong>Adresses IP priv\u00e9es :<\/strong>\n<ul>\n<li><strong>D\u00e9finition :<\/strong> Une adresse IP priv\u00e9e est utilis\u00e9e au sein d&rsquo;un r\u00e9seau local (LAN) pour identifier les appareils de mani\u00e8re unique sur ce r\u00e9seau interne.<\/li>\n<li><strong>Utilisation :<\/strong> Elle permet la communication entre les appareils de votre r\u00e9seau domestique ou d&rsquo;entreprise, comme les ordinateurs, les imprimantes et les smartphones.<\/li>\n<\/ul>\n<\/li>\n<\/ol>\n<h3>Importance des Adresses IP<\/h3>\n<ul>\n<li><strong>Identit\u00e9 et Communication :<\/strong> Les adresses IP identifient les appareils sur un r\u00e9seau et permettent la communication entre eux.<\/li>\n<li><strong>Routage des Donn\u00e9es :<\/strong> Elles permettent aux routeurs et aux autres \u00e9quipements r\u00e9seau de diriger les paquets de donn\u00e9es vers leur destination correcte.<\/li>\n<li><strong>S\u00e9curit\u00e9 :<\/strong> Les adresses IP peuvent \u00eatre utilis\u00e9es pour appliquer des politiques de s\u00e9curit\u00e9, comme les pare-feu et les contr\u00f4les d&rsquo;acc\u00e8s.<\/li>\n<\/ul>\n<p>En r\u00e9sum\u00e9, une adresse IP est un identifiant num\u00e9rique essentiel pour la communication et le routage des donn\u00e9es sur Internet et au sein des r\u00e9seaux locaux.<\/p>\n","protected":false},"excerpt":{"rendered":"<p>Votre IP IP : Votre g\u00e9olocalisation Ville : R\u00e9gion : Pays : Continent : Lattitude : Longitude : Time Zone : Monnaie : Votre navigateur &hellip; <\/p>\n","protected":false},"author":2,"featured_media":0,"parent":0,"menu_order":0,"comment_status":"closed","ping_status":"closed","template":"","meta":{"_exactmetrics_skip_tracking":false,"_exactmetrics_sitenote_active":false,"_exactmetrics_sitenote_note":"","_exactmetrics_sitenote_category":0,"footnotes":""},"class_list":["post-21010","page","type-page","status-publish","hentry"],"yoast_head":"<!-- This site is optimized with the Yoast SEO plugin v21.9.1 - https:\/\/yoast.com\/wordpress\/plugins\/seo\/ -->\n<title>Quelle est mon adresse IP ? - Labo JNG WEB<\/title>\n<meta name=\"robots\" content=\"index, follow, max-snippet:-1, max-image-preview:large, max-video-preview:-1\" \/>\n<link rel=\"canonical\" href=\"https:\/\/jng-web.com\/labo\/quelle-est-mon-adresse-ip\/\" \/>\n<meta property=\"og:locale\" content=\"fr_FR\" \/>\n<meta property=\"og:type\" content=\"article\" \/>\n<meta property=\"og:title\" content=\"Quelle est mon adresse IP ? - Labo JNG WEB\" \/>\n<meta property=\"og:description\" content=\"Votre IP IP : Votre g\u00e9olocalisation Ville : R\u00e9gion : Pays : Continent : Lattitude : Longitude : Time Zone : Monnaie : Votre navigateur &hellip;\" \/>\n<meta property=\"og:url\" content=\"https:\/\/jng-web.com\/labo\/quelle-est-mon-adresse-ip\/\" \/>\n<meta property=\"og:site_name\" content=\"Labo JNG WEB\" \/>\n<meta property=\"article:publisher\" content=\"https:\/\/www.facebook.com\/webmaster.referencement.dijon\" \/>\n<meta property=\"article:modified_time\" content=\"2024-05-22T17:44:49+00:00\" \/>\n<meta property=\"og:image\" content=\"https:\/\/jng-web.com\/labo\/wp-content\/uploads\/2015\/03\/logo1.jpg\" \/>\n\t<meta property=\"og:image:width\" content=\"200\" \/>\n\t<meta property=\"og:image:height\" content=\"200\" \/>\n\t<meta property=\"og:image:type\" content=\"image\/jpeg\" \/>\n<meta name=\"twitter:label1\" content=\"Dur\u00e9e de lecture estim\u00e9e\" \/>\n\t<meta name=\"twitter:data1\" content=\"2 minutes\" \/>\n<script type=\"application\/ld+json\" class=\"yoast-schema-graph\">{\"@context\":\"https:\/\/schema.org\",\"@graph\":[{\"@type\":\"WebPage\",\"@id\":\"https:\/\/jng-web.com\/labo\/quelle-est-mon-adresse-ip\/\",\"url\":\"https:\/\/jng-web.com\/labo\/quelle-est-mon-adresse-ip\/\",\"name\":\"Quelle est mon adresse IP ? - Labo JNG WEB\",\"isPartOf\":{\"@id\":\"https:\/\/jng-web.com\/labo\/#website\"},\"datePublished\":\"2023-04-09T07:35:03+00:00\",\"dateModified\":\"2024-05-22T17:44:49+00:00\",\"breadcrumb\":{\"@id\":\"https:\/\/jng-web.com\/labo\/quelle-est-mon-adresse-ip\/#breadcrumb\"},\"inLanguage\":\"fr-FR\",\"potentialAction\":[{\"@type\":\"ReadAction\",\"target\":[\"https:\/\/jng-web.com\/labo\/quelle-est-mon-adresse-ip\/\"]}]},{\"@type\":\"BreadcrumbList\",\"@id\":\"https:\/\/jng-web.com\/labo\/quelle-est-mon-adresse-ip\/#breadcrumb\",\"itemListElement\":[{\"@type\":\"ListItem\",\"position\":1,\"name\":\"Labo Jng Web\",\"item\":\"https:\/\/jng-web.com\/labo\/\"},{\"@type\":\"ListItem\",\"position\":2,\"name\":\"Quelle est mon adresse IP ?\"}]},{\"@type\":\"WebSite\",\"@id\":\"https:\/\/jng-web.com\/labo\/#website\",\"url\":\"https:\/\/jng-web.com\/labo\/\",\"name\":\"Labo JNG WEB\",\"description\":\"R\u00e9f\u00e9rencement, Webmastering, CMS, Logiciels ...\",\"publisher\":{\"@id\":\"https:\/\/jng-web.com\/labo\/#organization\"},\"potentialAction\":[{\"@type\":\"SearchAction\",\"target\":{\"@type\":\"EntryPoint\",\"urlTemplate\":\"https:\/\/jng-web.com\/labo\/?s={search_term_string}\"},\"query-input\":\"required name=search_term_string\"}],\"inLanguage\":\"fr-FR\"},{\"@type\":\"Organization\",\"@id\":\"https:\/\/jng-web.com\/labo\/#organization\",\"name\":\"JNG WEB \/\/ J\u00e9r\u00f4me Guri\",\"url\":\"https:\/\/jng-web.com\/labo\/\",\"logo\":{\"@type\":\"ImageObject\",\"inLanguage\":\"fr-FR\",\"@id\":\"https:\/\/jng-web.com\/labo\/#\/schema\/logo\/image\/\",\"url\":\"https:\/\/jng-web.com\/labo\/wp-content\/uploads\/2015\/04\/logo.png\",\"contentUrl\":\"https:\/\/jng-web.com\/labo\/wp-content\/uploads\/2015\/04\/logo.png\",\"width\":342,\"height\":110,\"caption\":\"JNG WEB \/\/ J\u00e9r\u00f4me Guri\"},\"image\":{\"@id\":\"https:\/\/jng-web.com\/labo\/#\/schema\/logo\/image\/\"},\"sameAs\":[\"https:\/\/www.facebook.com\/webmaster.referencement.dijon\",\"https:\/\/twitter.com\/jng_web\",\"https:\/\/fr.linkedin.com\/in\/jeromeguri\"]}]}<\/script>\n<!-- \/ Yoast SEO plugin. -->","yoast_head_json":{"title":"Quelle est mon adresse IP ? - Labo JNG WEB","robots":{"index":"index","follow":"follow","max-snippet":"max-snippet:-1","max-image-preview":"max-image-preview:large","max-video-preview":"max-video-preview:-1"},"canonical":"https:\/\/jng-web.com\/labo\/quelle-est-mon-adresse-ip\/","og_locale":"fr_FR","og_type":"article","og_title":"Quelle est mon adresse IP ? - Labo JNG WEB","og_description":"Votre IP IP : Votre g\u00e9olocalisation Ville : R\u00e9gion : Pays : Continent : Lattitude : Longitude : Time Zone : Monnaie : Votre navigateur &hellip;","og_url":"https:\/\/jng-web.com\/labo\/quelle-est-mon-adresse-ip\/","og_site_name":"Labo JNG WEB","article_publisher":"https:\/\/www.facebook.com\/webmaster.referencement.dijon","article_modified_time":"2024-05-22T17:44:49+00:00","og_image":[{"width":200,"height":200,"url":"https:\/\/jng-web.com\/labo\/wp-content\/uploads\/2015\/03\/logo1.jpg","type":"image\/jpeg"}],"twitter_misc":{"Dur\u00e9e de lecture estim\u00e9e":"2 minutes"},"schema":{"@context":"https:\/\/schema.org","@graph":[{"@type":"WebPage","@id":"https:\/\/jng-web.com\/labo\/quelle-est-mon-adresse-ip\/","url":"https:\/\/jng-web.com\/labo\/quelle-est-mon-adresse-ip\/","name":"Quelle est mon adresse IP ? - Labo JNG WEB","isPartOf":{"@id":"https:\/\/jng-web.com\/labo\/#website"},"datePublished":"2023-04-09T07:35:03+00:00","dateModified":"2024-05-22T17:44:49+00:00","breadcrumb":{"@id":"https:\/\/jng-web.com\/labo\/quelle-est-mon-adresse-ip\/#breadcrumb"},"inLanguage":"fr-FR","potentialAction":[{"@type":"ReadAction","target":["https:\/\/jng-web.com\/labo\/quelle-est-mon-adresse-ip\/"]}]},{"@type":"BreadcrumbList","@id":"https:\/\/jng-web.com\/labo\/quelle-est-mon-adresse-ip\/#breadcrumb","itemListElement":[{"@type":"ListItem","position":1,"name":"Labo Jng Web","item":"https:\/\/jng-web.com\/labo\/"},{"@type":"ListItem","position":2,"name":"Quelle est mon adresse IP ?"}]},{"@type":"WebSite","@id":"https:\/\/jng-web.com\/labo\/#website","url":"https:\/\/jng-web.com\/labo\/","name":"Labo JNG WEB","description":"R\u00e9f\u00e9rencement, Webmastering, CMS, Logiciels ...","publisher":{"@id":"https:\/\/jng-web.com\/labo\/#organization"},"potentialAction":[{"@type":"SearchAction","target":{"@type":"EntryPoint","urlTemplate":"https:\/\/jng-web.com\/labo\/?s={search_term_string}"},"query-input":"required name=search_term_string"}],"inLanguage":"fr-FR"},{"@type":"Organization","@id":"https:\/\/jng-web.com\/labo\/#organization","name":"JNG WEB \/\/ J\u00e9r\u00f4me Guri","url":"https:\/\/jng-web.com\/labo\/","logo":{"@type":"ImageObject","inLanguage":"fr-FR","@id":"https:\/\/jng-web.com\/labo\/#\/schema\/logo\/image\/","url":"https:\/\/jng-web.com\/labo\/wp-content\/uploads\/2015\/04\/logo.png","contentUrl":"https:\/\/jng-web.com\/labo\/wp-content\/uploads\/2015\/04\/logo.png","width":342,"height":110,"caption":"JNG WEB \/\/ J\u00e9r\u00f4me Guri"},"image":{"@id":"https:\/\/jng-web.com\/labo\/#\/schema\/logo\/image\/"},"sameAs":["https:\/\/www.facebook.com\/webmaster.referencement.dijon","https:\/\/twitter.com\/jng_web","https:\/\/fr.linkedin.com\/in\/jeromeguri"]}]}},"_links":{"self":[{"href":"https:\/\/jng-web.com\/labo\/wp-json\/wp\/v2\/pages\/21010","targetHints":{"allow":["GET"]}}],"collection":[{"href":"https:\/\/jng-web.com\/labo\/wp-json\/wp\/v2\/pages"}],"about":[{"href":"https:\/\/jng-web.com\/labo\/wp-json\/wp\/v2\/types\/page"}],"author":[{"embeddable":true,"href":"https:\/\/jng-web.com\/labo\/wp-json\/wp\/v2\/users\/2"}],"replies":[{"embeddable":true,"href":"https:\/\/jng-web.com\/labo\/wp-json\/wp\/v2\/comments?post=21010"}],"version-history":[{"count":0,"href":"https:\/\/jng-web.com\/labo\/wp-json\/wp\/v2\/pages\/21010\/revisions"}],"wp:attachment":[{"href":"https:\/\/jng-web.com\/labo\/wp-json\/wp\/v2\/media?parent=21010"}],"curies":[{"name":"wp","href":"https:\/\/api.w.org\/{rel}","templated":true}]}}