{"id":5733,"date":"2014-05-25T14:41:36","date_gmt":"2014-05-25T12:41:36","guid":{"rendered":"http:\/\/www.jng-web.com\/labo\/?page_id=5733"},"modified":"2025-08-06T09:08:34","modified_gmt":"2025-08-06T07:08:34","slug":"contact","status":"publish","type":"page","link":"https:\/\/jng-web.com\/labo\/contact\/","title":{"rendered":"Contact"},"content":{"rendered":"<div class=\"advads-avant-le-contenu\" id=\"advads-2586794513\"><script async src=\"\/\/pagead2.googlesyndication.com\/pagead\/js\/adsbygoogle.js?client=ca-pub-4944504088214075\" crossorigin=\"anonymous\"><\/script><ins class=\"adsbygoogle\" style=\"display:block;\" data-ad-client=\"ca-pub-4944504088214075\" \ndata-ad-slot=\"4514395581\" \ndata-ad-format=\"auto\"><\/ins>\n<script> \n(adsbygoogle = window.adsbygoogle || []).push({}); \n<\/script>\n<\/div><div class=\"advads-test\" style=\"margin-left: auto;margin-right: auto;text-align: center;\" id=\"advads-194861523\"><script async src=\"\/\/pagead2.googlesyndication.com\/pagead\/js\/adsbygoogle.js?client=ca-pub-4944504088214075\" crossorigin=\"anonymous\"><\/script><ins class=\"adsbygoogle\" style=\"display:block;\" data-ad-client=\"ca-pub-4944504088214075\" \ndata-ad-slot=\"4514395581\" \ndata-ad-format=\"auto\"><\/ins>\n<script> \n(adsbygoogle = window.adsbygoogle || []).push({}); \n<\/script>\n<\/div><blockquote>\n<p style=\"text-align: center;\">Si vous souhaitez publier un article, nous vous invitons \u00e0 proposer votre article dans notre site d\u00e9di\u00e9 en utilisant <a href=\"https:\/\/www.jng-web.com\/ref-auto\/soumettre-votre-article\/\" target=\"_blank\" rel=\"noopener\">ce formulaire<\/a>.<\/p>\n<\/blockquote>\n<h2>Formulaire de contact :<\/h2>\n\n<div class=\"wpcf7 no-js\" id=\"wpcf7-f12057-o1\" lang=\"fr-FR\" dir=\"ltr\">\n<div class=\"screen-reader-response\"><p role=\"status\" aria-live=\"polite\" aria-atomic=\"true\"><\/p> <ul><\/ul><\/div>\n<form action=\"\/labo\/wp-json\/wp\/v2\/pages\/5733#wpcf7-f12057-o1\" method=\"post\" class=\"wpcf7-form init cf7-style contact\" aria-label=\"Formulaire de contact\" novalidate=\"novalidate\" data-status=\"init\">\n<div style=\"display: none;\">\n<input type=\"hidden\" name=\"_wpcf7\" value=\"12057\" \/>\n<input type=\"hidden\" name=\"_wpcf7_version\" value=\"5.8.6\" \/>\n<input type=\"hidden\" name=\"_wpcf7_locale\" value=\"fr_FR\" \/>\n<input type=\"hidden\" name=\"_wpcf7_unit_tag\" value=\"wpcf7-f12057-o1\" \/>\n<input type=\"hidden\" name=\"_wpcf7_container_post\" value=\"0\" \/>\n<input type=\"hidden\" name=\"_wpcf7_posted_data_hash\" value=\"\" \/>\n<\/div>\n<p><label> Votre nom (obligatoire)<br \/>\n<span class=\"wpcf7-form-control-wrap\" data-name=\"your-name\"><input size=\"40\" class=\"wpcf7-form-control wpcf7-text wpcf7-validates-as-required\" aria-required=\"true\" aria-invalid=\"false\" value=\"\" type=\"text\" name=\"your-name\" \/><\/span> <\/label>\n<\/p>\n<p><label> Votre e-mail (obligatoire)<br \/>\n<span class=\"wpcf7-form-control-wrap\" data-name=\"your-email\"><input size=\"40\" class=\"wpcf7-form-control wpcf7-email wpcf7-validates-as-required wpcf7-text wpcf7-validates-as-email\" aria-required=\"true\" aria-invalid=\"false\" value=\"\" type=\"email\" name=\"your-email\" \/><\/span> <\/label>\n<\/p>\n<p><label> Sujet<br \/>\n<span class=\"wpcf7-form-control-wrap\" data-name=\"your-subject\"><input size=\"40\" class=\"wpcf7-form-control wpcf7-text\" aria-invalid=\"false\" value=\"\" type=\"text\" name=\"your-subject\" \/><\/span> <\/label>\n<\/p>\n<p><label> Votre message<br \/>\n<span class=\"wpcf7-form-control-wrap\" data-name=\"your-message\"><textarea cols=\"40\" rows=\"10\" class=\"wpcf7-form-control wpcf7-textarea\" aria-invalid=\"false\" name=\"your-message\"><\/textarea><\/span> <\/label><br \/>\n<span class=\"wpcf7-form-control-wrap\" data-name=\"checkbox-728\"><span class=\"wpcf7-form-control wpcf7-checkbox wpcf7-validates-as-required\"><span class=\"wpcf7-list-item first last\"><input type=\"checkbox\" name=\"checkbox-728[]\" value=\"J&#039;autorise le site jng-web.com\/labo \u00e0 enregistrer mes donn\u00e9es.\" \/><span class=\"wpcf7-list-item-label\">J&#039;autorise le site jng-web.com\/labo \u00e0 enregistrer mes donn\u00e9es.<\/span><\/span><\/span><\/span>\n<\/p>\n<p><input class=\"wpcf7-form-control wpcf7-submit has-spinner\" type=\"submit\" value=\"Envoyer\" \/>\n<\/p><div class=\"wpcf7-response-output\" aria-hidden=\"true\"><\/div>\n<\/form>\n<\/div>\n\n","protected":false},"excerpt":{"rendered":"<p>Si vous souhaitez publier un article, nous vous invitons \u00e0 proposer votre article dans notre site d\u00e9di\u00e9 en utilisant ce formulaire. Formulaire de contact :<\/p>\n","protected":false},"author":2,"featured_media":0,"parent":0,"menu_order":0,"comment_status":"closed","ping_status":"closed","template":"","meta":{"_exactmetrics_skip_tracking":false,"_exactmetrics_sitenote_active":false,"_exactmetrics_sitenote_note":"","_exactmetrics_sitenote_category":0,"footnotes":""},"class_list":["post-5733","page","type-page","status-publish","hentry"],"yoast_head":"<!-- This site is optimized with the Yoast SEO plugin v21.9.1 - https:\/\/yoast.com\/wordpress\/plugins\/seo\/ -->\n<title>Contact - Labo JNG WEB<\/title>\n<meta name=\"robots\" content=\"index, follow, max-snippet:-1, max-image-preview:large, max-video-preview:-1\" \/>\n<link rel=\"canonical\" href=\"https:\/\/jng-web.com\/labo\/contact\/\" \/>\n<meta property=\"og:locale\" content=\"fr_FR\" \/>\n<meta property=\"og:type\" content=\"article\" \/>\n<meta property=\"og:title\" content=\"Contact - Labo JNG WEB\" \/>\n<meta property=\"og:description\" content=\"Si vous souhaitez publier un article, nous vous invitons \u00e0 proposer votre article dans notre site d\u00e9di\u00e9 en utilisant ce formulaire. Formulaire de contact :\" \/>\n<meta property=\"og:url\" content=\"https:\/\/jng-web.com\/labo\/contact\/\" \/>\n<meta property=\"og:site_name\" content=\"Labo JNG WEB\" \/>\n<meta property=\"article:publisher\" content=\"https:\/\/www.facebook.com\/webmaster.referencement.dijon\" \/>\n<meta property=\"article:modified_time\" content=\"2025-08-06T07:08:34+00:00\" \/>\n<meta property=\"og:image\" content=\"https:\/\/jng-web.com\/labo\/wp-content\/uploads\/2015\/03\/logo1.jpg\" \/>\n\t<meta property=\"og:image:width\" content=\"200\" \/>\n\t<meta property=\"og:image:height\" content=\"200\" \/>\n\t<meta property=\"og:image:type\" content=\"image\/jpeg\" \/>\n<meta name=\"twitter:label1\" content=\"Dur\u00e9e de lecture estim\u00e9e\" \/>\n\t<meta name=\"twitter:data1\" content=\"1 minute\" \/>\n<script type=\"application\/ld+json\" class=\"yoast-schema-graph\">{\"@context\":\"https:\/\/schema.org\",\"@graph\":[{\"@type\":\"WebPage\",\"@id\":\"https:\/\/jng-web.com\/labo\/contact\/\",\"url\":\"https:\/\/jng-web.com\/labo\/contact\/\",\"name\":\"Contact - Labo JNG WEB\",\"isPartOf\":{\"@id\":\"https:\/\/jng-web.com\/labo\/#website\"},\"datePublished\":\"2014-05-25T12:41:36+00:00\",\"dateModified\":\"2025-08-06T07:08:34+00:00\",\"breadcrumb\":{\"@id\":\"https:\/\/jng-web.com\/labo\/contact\/#breadcrumb\"},\"inLanguage\":\"fr-FR\",\"potentialAction\":[{\"@type\":\"ReadAction\",\"target\":[\"https:\/\/jng-web.com\/labo\/contact\/\"]}]},{\"@type\":\"BreadcrumbList\",\"@id\":\"https:\/\/jng-web.com\/labo\/contact\/#breadcrumb\",\"itemListElement\":[{\"@type\":\"ListItem\",\"position\":1,\"name\":\"Labo Jng Web\",\"item\":\"https:\/\/jng-web.com\/labo\/\"},{\"@type\":\"ListItem\",\"position\":2,\"name\":\"Contact\"}]},{\"@type\":\"WebSite\",\"@id\":\"https:\/\/jng-web.com\/labo\/#website\",\"url\":\"https:\/\/jng-web.com\/labo\/\",\"name\":\"Labo JNG WEB\",\"description\":\"R\u00e9f\u00e9rencement, Webmastering, CMS, Logiciels ...\",\"publisher\":{\"@id\":\"https:\/\/jng-web.com\/labo\/#organization\"},\"potentialAction\":[{\"@type\":\"SearchAction\",\"target\":{\"@type\":\"EntryPoint\",\"urlTemplate\":\"https:\/\/jng-web.com\/labo\/?s={search_term_string}\"},\"query-input\":\"required name=search_term_string\"}],\"inLanguage\":\"fr-FR\"},{\"@type\":\"Organization\",\"@id\":\"https:\/\/jng-web.com\/labo\/#organization\",\"name\":\"JNG WEB \/\/ J\u00e9r\u00f4me Guri\",\"url\":\"https:\/\/jng-web.com\/labo\/\",\"logo\":{\"@type\":\"ImageObject\",\"inLanguage\":\"fr-FR\",\"@id\":\"https:\/\/jng-web.com\/labo\/#\/schema\/logo\/image\/\",\"url\":\"https:\/\/jng-web.com\/labo\/wp-content\/uploads\/2015\/04\/logo.png\",\"contentUrl\":\"https:\/\/jng-web.com\/labo\/wp-content\/uploads\/2015\/04\/logo.png\",\"width\":342,\"height\":110,\"caption\":\"JNG WEB \/\/ J\u00e9r\u00f4me Guri\"},\"image\":{\"@id\":\"https:\/\/jng-web.com\/labo\/#\/schema\/logo\/image\/\"},\"sameAs\":[\"https:\/\/www.facebook.com\/webmaster.referencement.dijon\",\"https:\/\/twitter.com\/jng_web\",\"https:\/\/fr.linkedin.com\/in\/jeromeguri\"]}]}<\/script>\n<!-- \/ Yoast SEO plugin. -->","yoast_head_json":{"title":"Contact - Labo JNG WEB","robots":{"index":"index","follow":"follow","max-snippet":"max-snippet:-1","max-image-preview":"max-image-preview:large","max-video-preview":"max-video-preview:-1"},"canonical":"https:\/\/jng-web.com\/labo\/contact\/","og_locale":"fr_FR","og_type":"article","og_title":"Contact - Labo JNG WEB","og_description":"Si vous souhaitez publier un article, nous vous invitons \u00e0 proposer votre article dans notre site d\u00e9di\u00e9 en utilisant ce formulaire. Formulaire de contact :","og_url":"https:\/\/jng-web.com\/labo\/contact\/","og_site_name":"Labo JNG WEB","article_publisher":"https:\/\/www.facebook.com\/webmaster.referencement.dijon","article_modified_time":"2025-08-06T07:08:34+00:00","og_image":[{"width":200,"height":200,"url":"https:\/\/jng-web.com\/labo\/wp-content\/uploads\/2015\/03\/logo1.jpg","type":"image\/jpeg"}],"twitter_misc":{"Dur\u00e9e de lecture estim\u00e9e":"1 minute"},"schema":{"@context":"https:\/\/schema.org","@graph":[{"@type":"WebPage","@id":"https:\/\/jng-web.com\/labo\/contact\/","url":"https:\/\/jng-web.com\/labo\/contact\/","name":"Contact - Labo JNG WEB","isPartOf":{"@id":"https:\/\/jng-web.com\/labo\/#website"},"datePublished":"2014-05-25T12:41:36+00:00","dateModified":"2025-08-06T07:08:34+00:00","breadcrumb":{"@id":"https:\/\/jng-web.com\/labo\/contact\/#breadcrumb"},"inLanguage":"fr-FR","potentialAction":[{"@type":"ReadAction","target":["https:\/\/jng-web.com\/labo\/contact\/"]}]},{"@type":"BreadcrumbList","@id":"https:\/\/jng-web.com\/labo\/contact\/#breadcrumb","itemListElement":[{"@type":"ListItem","position":1,"name":"Labo Jng Web","item":"https:\/\/jng-web.com\/labo\/"},{"@type":"ListItem","position":2,"name":"Contact"}]},{"@type":"WebSite","@id":"https:\/\/jng-web.com\/labo\/#website","url":"https:\/\/jng-web.com\/labo\/","name":"Labo JNG WEB","description":"R\u00e9f\u00e9rencement, Webmastering, CMS, Logiciels ...","publisher":{"@id":"https:\/\/jng-web.com\/labo\/#organization"},"potentialAction":[{"@type":"SearchAction","target":{"@type":"EntryPoint","urlTemplate":"https:\/\/jng-web.com\/labo\/?s={search_term_string}"},"query-input":"required name=search_term_string"}],"inLanguage":"fr-FR"},{"@type":"Organization","@id":"https:\/\/jng-web.com\/labo\/#organization","name":"JNG WEB \/\/ J\u00e9r\u00f4me Guri","url":"https:\/\/jng-web.com\/labo\/","logo":{"@type":"ImageObject","inLanguage":"fr-FR","@id":"https:\/\/jng-web.com\/labo\/#\/schema\/logo\/image\/","url":"https:\/\/jng-web.com\/labo\/wp-content\/uploads\/2015\/04\/logo.png","contentUrl":"https:\/\/jng-web.com\/labo\/wp-content\/uploads\/2015\/04\/logo.png","width":342,"height":110,"caption":"JNG WEB \/\/ J\u00e9r\u00f4me Guri"},"image":{"@id":"https:\/\/jng-web.com\/labo\/#\/schema\/logo\/image\/"},"sameAs":["https:\/\/www.facebook.com\/webmaster.referencement.dijon","https:\/\/twitter.com\/jng_web","https:\/\/fr.linkedin.com\/in\/jeromeguri"]}]}},"_links":{"self":[{"href":"https:\/\/jng-web.com\/labo\/wp-json\/wp\/v2\/pages\/5733","targetHints":{"allow":["GET"]}}],"collection":[{"href":"https:\/\/jng-web.com\/labo\/wp-json\/wp\/v2\/pages"}],"about":[{"href":"https:\/\/jng-web.com\/labo\/wp-json\/wp\/v2\/types\/page"}],"author":[{"embeddable":true,"href":"https:\/\/jng-web.com\/labo\/wp-json\/wp\/v2\/users\/2"}],"replies":[{"embeddable":true,"href":"https:\/\/jng-web.com\/labo\/wp-json\/wp\/v2\/comments?post=5733"}],"version-history":[{"count":0,"href":"https:\/\/jng-web.com\/labo\/wp-json\/wp\/v2\/pages\/5733\/revisions"}],"wp:attachment":[{"href":"https:\/\/jng-web.com\/labo\/wp-json\/wp\/v2\/media?parent=5733"}],"curies":[{"name":"wp","href":"https:\/\/api.w.org\/{rel}","templated":true}]}}