{"id":9349,"date":"2015-06-10T17:43:07","date_gmt":"2015-06-10T15:43:07","guid":{"rendered":"http:\/\/www.jng-web.com\/labo\/?page_id=9349"},"modified":"2015-06-10T17:43:40","modified_gmt":"2015-06-10T15:43:40","slug":"informations-sur-les-cookies","status":"publish","type":"page","link":"https:\/\/jng-web.com\/labo\/informations-sur-les-cookies\/","title":{"rendered":"Informations sur les cookies"},"content":{"rendered":"<div class=\"advads-avant-le-contenu\" id=\"advads-1777655365\"><script async src=\"\/\/pagead2.googlesyndication.com\/pagead\/js\/adsbygoogle.js?client=ca-pub-4944504088214075\" crossorigin=\"anonymous\"><\/script><ins class=\"adsbygoogle\" style=\"display:block;\" data-ad-client=\"ca-pub-4944504088214075\" \ndata-ad-slot=\"4514395581\" \ndata-ad-format=\"auto\"><\/ins>\n<script> \n(adsbygoogle = window.adsbygoogle || []).push({}); \n<\/script>\n<\/div><div class=\"advads-test\" style=\"margin-left: auto;margin-right: auto;text-align: center;\" id=\"advads-2638787900\"><script async src=\"\/\/pagead2.googlesyndication.com\/pagead\/js\/adsbygoogle.js?client=ca-pub-4944504088214075\" crossorigin=\"anonymous\"><\/script><ins class=\"adsbygoogle\" style=\"display:block;\" data-ad-client=\"ca-pub-4944504088214075\" \ndata-ad-slot=\"4514395581\" \ndata-ad-format=\"auto\"><\/ins>\n<script> \n(adsbygoogle = window.adsbygoogle || []).push({}); \n<\/script>\n<\/div><p>Un Cookie est un fichier teste qui enregistre les informations concernant votre navigation sur le site. Attention en aucun cas, le Cookie permet \u00e0 celui qui l\u2019a d\u00e9pos\u00e9 d\u2019obtenir des informations enregistr\u00e9es sur votre disque dur ou des informations personnelles. Il permet de vous reconna\u00eetre lorsque vous revenez sur notre site et nous permet de vous faciliter l\u2019utilisation du site.<\/p>\n<h2>G\u00e9rer les cookies<\/h2>\n<p>Pour Microsoft Internet Explorer :<\/p>\n<p>Choisissez le menu \u00ab Outils \u00bb puis \u00ab Options Internet \u00bb<br \/>\nCliquez sur l\u2019onglet \u00ab Confidentialit\u00e9 \u00bb<br \/>\nS\u00e9lectionnez le niveau souhait\u00e9 \u00e0 l\u2019aide du curseur<br \/>\nPour Mozilla Firefox :<\/p>\n<p>Choisissez le menu \u00ab Outils \u00bb &gt; \u00ab Options \u00bb<br \/>\nCliquez sur l\u2019option \u00ab Vie Priv\u00e9e \u00bb<br \/>\nRubrique \u00ab Cookies \u00bb<br \/>\nPour Chrome :<\/p>\n<p>Choisissez le menu \u00ab Edition \u00bb &gt; \u00ab Pr\u00e9f\u00e9rences \u00bb<br \/>\nCliquez sur l\u2019option \u00ab Donn\u00e9es personnelles \u00bb<br \/>\nRubrique \u00ab Cookies \u00bb<br \/>\nPour Safari :<\/p>\n<p>Choisissez le menu \u00ab Edition \u00bb &gt; \u00ab Pr\u00e9f\u00e9rences \u00bb<br \/>\nCliquez sur l\u2019option \u00ab Donn\u00e9es personnelles \u00bb<br \/>\nRubrique \u00ab Cookies \u00bb<\/p>\n<p>Tout param\u00e9trage que vous effectuerez sera susceptible d\u2019avoir des cons\u00e9quences sur votre navigation sur internet et concernant le site Internet que vous visitez pourra avoir des cons\u00e9quences sur les conditions d\u2019acc\u00e8s \u00e0 certains des services, comme par exemple : la m\u00e9morisation de vos identifiants de formulaires, de champs de commentaires, etc.Il est important que vous sachiez que si vous d\u00e9cidez de refuser ou de supprimer les Cookies sur vos navigateurs ou terminaux mobiles, cela n\u2019emp\u00eachera pas l\u2019affichage de publicit\u00e9 sur les sites internet que vous visiterez. La seule diff\u00e9rence c\u2019est qu\u2019elles ne seront plus adapt\u00e9es \u00e0 vos centres d\u2019int\u00e9r\u00eats.<\/p>\n<h2>Cookies \u00e9mis sur le site<\/h2>\n<p>Ces Cookies permettent :<br \/>\n\u2013 d\u2019\u00e9tablir des statistiques et volumes de fr\u00e9quentation et d\u2019utilisation des diverses \u00e9l\u00e9ments composant le site (rubriques et contenus visit\u00e9s, parcours), permettant d\u2019am\u00e9liorer l\u2019int\u00e9r\u00eat et l\u2019ergonomie des services ;<br \/>\n\u2013 d\u2019adapter la pr\u00e9sentation du site aux pr\u00e9f\u00e9rences d\u2019affichage de votre terminal (langue utilis\u00e9e, r\u00e9solution d\u2019affichage, syst\u00e8me d\u2019exploitation utilis\u00e9, etc) lors de vos visites sur le Site, selon les mat\u00e9riels et les logiciels de visualisation ou de lecture que votre terminal comporte;<br \/>\n\u2013 de m\u00e9moriser des informations relatives \u00e0 un formulaire que vous avez rempli sur le site (inscription, formulaire de contact, de concours, de champs de commentaire, \u2026) ou \u00e0 des produits, services ou informations que vous avez choisis sur le site ;<br \/>\n\u2013 de mettre en \u0153uvre des mesures de s\u00e9curit\u00e9, par exemple lorsqu\u2019il vous est demand\u00e9 de vous connecter \u00e0 nouveau \u00e0 un contenu ou \u00e0 un service apr\u00e8s une certain laps de temps<\/p>\n<h2>Partage sur les r\u00e9seaux sociaux<\/h2>\n<p>Les pages et articles pr\u00e9sents sur le site sont susceptible d\u2019\u00eatre accompagn\u00e9s d\u2019une application informatique tierce permettant le partage de ces contenus sur les r\u00e9seaux sociaux, tels que les boutons pr\u00e9sents sous la mention \u00bbPartager cette page \u00bb.<br \/>\nNous n\u2019avons aucun contr\u00f4le sur le processus employ\u00e9 par les r\u00e9seaux sociaux concern\u00e9s (Facebook, Twitter, Google+ et Pinterest) pour collecter ces informations et vous invitons \u00e0 consulter les politiques de confidentialit\u00e9 de ces derniers.<\/p>\n<h2>Les cookies Flash<\/h2>\n<p>\u00ab Adobe Flash Player\u2122 \u00bb est une application informatique qui permet le d\u00e9veloppement rapide des<br \/>\ncontenus dynamiques utilisant le langage informatique \u00ab Flash \u00bb. Flash (et les applications de m\u00eame<br \/>\ntype) m\u00e9morise les param\u00e8tres, les pr\u00e9f\u00e9rences et l\u2019utilisation de ces contenus gr\u00e2ce \u00e0 une<br \/>\ntechnologie similaire aux Cookies. Toutefois, \u00ab Adobe Flash Player\u2122 \u00bb g\u00e8re ces informations et vos<br \/>\nchoix via une interface diff\u00e9rente de celle fournie par votre logiciel de navigation.<br \/>\nDans la mesure o\u00f9 votre Terminal serait susceptible de visualiser des contenus d\u00e9velopp\u00e9s avec le<br \/>\nlangage Flash, nous vous invitons \u00e0 acc\u00e9der \u00e0 vos outils de gestion des Cookies Flash, depuis le site<br \/>\ninternet http:\/\/www.adobe.com\/fr.<\/p>\n<h2>Les cookies des r\u00e9seaux sociaux<\/h2>\n<p>Les pages et articles pr\u00e9sents sur le site sont susceptible d\u2019\u00eatre accompagn\u00e9s d\u2019une application informatique tierce permettant le partage de ces contenus sur les r\u00e9seaux sociaux, tels que les boutons pr\u00e9sents sous la mention \u00bbPartager cette page \u00bb.<br \/>\nNous n\u2019avons aucun contr\u00f4le sur le processus employ\u00e9 par les r\u00e9seaux sociaux concern\u00e9s (Facebook, Twitter, Google+ et Pinterest) pour collecter ces informations et vous invitons \u00e0 consulter les politiques de confidentialit\u00e9<\/p>\n<h2>Les Cookies \u00e9mis par des tiers aupr\u00e8s des utilisateurs du site<\/h2>\n<p>Les contenus publicitaires (graphismes, animations, vid\u00e9os, etc) diffus\u00e9s sur le site sont susceptibles de contenir des Cookies \u00e9mis par des tiers. L\u2019\u00e9mission et l\u2019utilisation de cookies par ces tiers, sont soumises aux politiques de protection de la vie priv\u00e9e de ces tiers.<br \/>\nCes cookies permettent \u00e0 ces derniers, pendant la dur\u00e9e de validit\u00e9 de ces cookies : de comptabiliser le nombre d\u2019affichages des contenus publicitaires diffus\u00e9s via les espaces publicitaires pr\u00e9sent sur le site, d\u2019identifier les publicit\u00e9s ainsi affich\u00e9es, le nombre d\u2019utilisateurs ayant cliqu\u00e9 sur chaque publicit\u00e9, leur permettant de calculer les sommes dues de ce fait et d\u2019\u00e9tablir des statistiques; de reconna\u00eetre votre terminal lors de sa navigation ult\u00e9rieure sur tout autre site ou service sur lequel ces annonceurs ou ces tiers \u00e9mettent \u00e9galement des cookies et, le cas \u00e9ch\u00e9ant, d\u2019adapter ces sites et services tiers ou les publicit\u00e9s qu\u2019ils diffusent, \u00e0 la navigation de votre terminal dont ils peuvent avoir connaissance.<\/p>\n<p>Notre objectif est de pr\u00e9senter des publicit\u00e9s les plus pertinentes possibles. A cette fin, la technologie des cookies permet de d\u00e9terminer en temps r\u00e9el quelle publicit\u00e9 afficher \u00e0 un terminal, en fonction de sa navigation r\u00e9cente sur un(e) ou plusieurs sites ou applications. Votre int\u00e9r\u00eat pour les contenus publicitaires qui sont affich\u00e9s sur votre terminal lorsque vous consultez un site, d\u00e9termine souvent les ressources publicitaires de celui-ci lui permettant d\u2019exploiter ses services, souvent fournis aux utilisateurs \u00e0 titre gratuit. Vous pr\u00e9f\u00e9rez sans doute voir s\u2019afficher des publicit\u00e9s qui correspondent \u00e0 ce qui vous int\u00e9resse plut\u00f4t que les publicit\u00e9s qui n\u2019ont aucun int\u00e9r\u00eat pour vous. De m\u00eame, les annonceurs qui souhaitent voir leurs publicit\u00e9s diffus\u00e9es, sont int\u00e9ress\u00e9s par l\u2019affichage de leurs offres aupr\u00e8s d\u2019utilisateurs susceptibles d\u2019\u00eatre les plus int\u00e9ress\u00e9s par celles-ci.<\/p>\n<blockquote><p>Le partage avec d\u2019autres personnes de l\u2019utilisation de votre terminal et la configuration des param\u00e8tres de votre navigateur \u00e0 l\u2019\u00e9gard des cookies, rel\u00e8vent de votre libre choix et de votre responsabilit\u00e9.<\/p><\/blockquote>\n","protected":false},"excerpt":{"rendered":"<p>Un Cookie est un fichier teste qui enregistre les informations concernant votre navigation sur le site. Attention en aucun cas, le Cookie permet \u00e0 celui &hellip; <\/p>\n","protected":false},"author":2,"featured_media":0,"parent":0,"menu_order":0,"comment_status":"closed","ping_status":"closed","template":"","meta":{"_exactmetrics_skip_tracking":false,"_exactmetrics_sitenote_active":false,"_exactmetrics_sitenote_note":"","_exactmetrics_sitenote_category":0,"footnotes":""},"class_list":["post-9349","page","type-page","status-publish","hentry"],"yoast_head":"<!-- This site is optimized with the Yoast SEO plugin v21.9.1 - https:\/\/yoast.com\/wordpress\/plugins\/seo\/ -->\n<title>Informations sur les cookies - Labo JNG WEB<\/title>\n<meta name=\"robots\" content=\"index, follow, max-snippet:-1, max-image-preview:large, max-video-preview:-1\" \/>\n<link rel=\"canonical\" href=\"https:\/\/jng-web.com\/labo\/informations-sur-les-cookies\/\" \/>\n<meta property=\"og:locale\" content=\"fr_FR\" \/>\n<meta property=\"og:type\" content=\"article\" \/>\n<meta property=\"og:title\" content=\"Informations sur les cookies - Labo JNG WEB\" \/>\n<meta property=\"og:description\" content=\"Un Cookie est un fichier teste qui enregistre les informations concernant votre navigation sur le site. Attention en aucun cas, le Cookie permet \u00e0 celui &hellip;\" \/>\n<meta property=\"og:url\" content=\"https:\/\/jng-web.com\/labo\/informations-sur-les-cookies\/\" \/>\n<meta property=\"og:site_name\" content=\"Labo JNG WEB\" \/>\n<meta property=\"article:publisher\" content=\"https:\/\/www.facebook.com\/webmaster.referencement.dijon\" \/>\n<meta property=\"article:modified_time\" content=\"2015-06-10T15:43:40+00:00\" \/>\n<meta property=\"og:image\" content=\"https:\/\/jng-web.com\/labo\/wp-content\/uploads\/2015\/03\/logo1.jpg\" \/>\n\t<meta property=\"og:image:width\" content=\"200\" \/>\n\t<meta property=\"og:image:height\" content=\"200\" \/>\n\t<meta property=\"og:image:type\" content=\"image\/jpeg\" \/>\n<meta name=\"twitter:label1\" content=\"Dur\u00e9e de lecture estim\u00e9e\" \/>\n\t<meta name=\"twitter:data1\" content=\"5 minutes\" \/>\n<script type=\"application\/ld+json\" class=\"yoast-schema-graph\">{\"@context\":\"https:\/\/schema.org\",\"@graph\":[{\"@type\":\"WebPage\",\"@id\":\"https:\/\/jng-web.com\/labo\/informations-sur-les-cookies\/\",\"url\":\"https:\/\/jng-web.com\/labo\/informations-sur-les-cookies\/\",\"name\":\"Informations sur les cookies - Labo JNG WEB\",\"isPartOf\":{\"@id\":\"https:\/\/jng-web.com\/labo\/#website\"},\"datePublished\":\"2015-06-10T15:43:07+00:00\",\"dateModified\":\"2015-06-10T15:43:40+00:00\",\"breadcrumb\":{\"@id\":\"https:\/\/jng-web.com\/labo\/informations-sur-les-cookies\/#breadcrumb\"},\"inLanguage\":\"fr-FR\",\"potentialAction\":[{\"@type\":\"ReadAction\",\"target\":[\"https:\/\/jng-web.com\/labo\/informations-sur-les-cookies\/\"]}]},{\"@type\":\"BreadcrumbList\",\"@id\":\"https:\/\/jng-web.com\/labo\/informations-sur-les-cookies\/#breadcrumb\",\"itemListElement\":[{\"@type\":\"ListItem\",\"position\":1,\"name\":\"Labo Jng Web\",\"item\":\"https:\/\/jng-web.com\/labo\/\"},{\"@type\":\"ListItem\",\"position\":2,\"name\":\"Informations sur les cookies\"}]},{\"@type\":\"WebSite\",\"@id\":\"https:\/\/jng-web.com\/labo\/#website\",\"url\":\"https:\/\/jng-web.com\/labo\/\",\"name\":\"Labo JNG WEB\",\"description\":\"R\u00e9f\u00e9rencement, Webmastering, CMS, Logiciels ...\",\"publisher\":{\"@id\":\"https:\/\/jng-web.com\/labo\/#organization\"},\"potentialAction\":[{\"@type\":\"SearchAction\",\"target\":{\"@type\":\"EntryPoint\",\"urlTemplate\":\"https:\/\/jng-web.com\/labo\/?s={search_term_string}\"},\"query-input\":\"required name=search_term_string\"}],\"inLanguage\":\"fr-FR\"},{\"@type\":\"Organization\",\"@id\":\"https:\/\/jng-web.com\/labo\/#organization\",\"name\":\"JNG WEB \/\/ J\u00e9r\u00f4me Guri\",\"url\":\"https:\/\/jng-web.com\/labo\/\",\"logo\":{\"@type\":\"ImageObject\",\"inLanguage\":\"fr-FR\",\"@id\":\"https:\/\/jng-web.com\/labo\/#\/schema\/logo\/image\/\",\"url\":\"https:\/\/jng-web.com\/labo\/wp-content\/uploads\/2015\/04\/logo.png\",\"contentUrl\":\"https:\/\/jng-web.com\/labo\/wp-content\/uploads\/2015\/04\/logo.png\",\"width\":342,\"height\":110,\"caption\":\"JNG WEB \/\/ J\u00e9r\u00f4me Guri\"},\"image\":{\"@id\":\"https:\/\/jng-web.com\/labo\/#\/schema\/logo\/image\/\"},\"sameAs\":[\"https:\/\/www.facebook.com\/webmaster.referencement.dijon\",\"https:\/\/twitter.com\/jng_web\",\"https:\/\/fr.linkedin.com\/in\/jeromeguri\"]}]}<\/script>\n<!-- \/ Yoast SEO plugin. -->","yoast_head_json":{"title":"Informations sur les cookies - Labo JNG WEB","robots":{"index":"index","follow":"follow","max-snippet":"max-snippet:-1","max-image-preview":"max-image-preview:large","max-video-preview":"max-video-preview:-1"},"canonical":"https:\/\/jng-web.com\/labo\/informations-sur-les-cookies\/","og_locale":"fr_FR","og_type":"article","og_title":"Informations sur les cookies - Labo JNG WEB","og_description":"Un Cookie est un fichier teste qui enregistre les informations concernant votre navigation sur le site. Attention en aucun cas, le Cookie permet \u00e0 celui &hellip;","og_url":"https:\/\/jng-web.com\/labo\/informations-sur-les-cookies\/","og_site_name":"Labo JNG WEB","article_publisher":"https:\/\/www.facebook.com\/webmaster.referencement.dijon","article_modified_time":"2015-06-10T15:43:40+00:00","og_image":[{"width":200,"height":200,"url":"https:\/\/jng-web.com\/labo\/wp-content\/uploads\/2015\/03\/logo1.jpg","type":"image\/jpeg"}],"twitter_misc":{"Dur\u00e9e de lecture estim\u00e9e":"5 minutes"},"schema":{"@context":"https:\/\/schema.org","@graph":[{"@type":"WebPage","@id":"https:\/\/jng-web.com\/labo\/informations-sur-les-cookies\/","url":"https:\/\/jng-web.com\/labo\/informations-sur-les-cookies\/","name":"Informations sur les cookies - Labo JNG WEB","isPartOf":{"@id":"https:\/\/jng-web.com\/labo\/#website"},"datePublished":"2015-06-10T15:43:07+00:00","dateModified":"2015-06-10T15:43:40+00:00","breadcrumb":{"@id":"https:\/\/jng-web.com\/labo\/informations-sur-les-cookies\/#breadcrumb"},"inLanguage":"fr-FR","potentialAction":[{"@type":"ReadAction","target":["https:\/\/jng-web.com\/labo\/informations-sur-les-cookies\/"]}]},{"@type":"BreadcrumbList","@id":"https:\/\/jng-web.com\/labo\/informations-sur-les-cookies\/#breadcrumb","itemListElement":[{"@type":"ListItem","position":1,"name":"Labo Jng Web","item":"https:\/\/jng-web.com\/labo\/"},{"@type":"ListItem","position":2,"name":"Informations sur les cookies"}]},{"@type":"WebSite","@id":"https:\/\/jng-web.com\/labo\/#website","url":"https:\/\/jng-web.com\/labo\/","name":"Labo JNG WEB","description":"R\u00e9f\u00e9rencement, Webmastering, CMS, Logiciels ...","publisher":{"@id":"https:\/\/jng-web.com\/labo\/#organization"},"potentialAction":[{"@type":"SearchAction","target":{"@type":"EntryPoint","urlTemplate":"https:\/\/jng-web.com\/labo\/?s={search_term_string}"},"query-input":"required name=search_term_string"}],"inLanguage":"fr-FR"},{"@type":"Organization","@id":"https:\/\/jng-web.com\/labo\/#organization","name":"JNG WEB \/\/ J\u00e9r\u00f4me Guri","url":"https:\/\/jng-web.com\/labo\/","logo":{"@type":"ImageObject","inLanguage":"fr-FR","@id":"https:\/\/jng-web.com\/labo\/#\/schema\/logo\/image\/","url":"https:\/\/jng-web.com\/labo\/wp-content\/uploads\/2015\/04\/logo.png","contentUrl":"https:\/\/jng-web.com\/labo\/wp-content\/uploads\/2015\/04\/logo.png","width":342,"height":110,"caption":"JNG WEB \/\/ J\u00e9r\u00f4me Guri"},"image":{"@id":"https:\/\/jng-web.com\/labo\/#\/schema\/logo\/image\/"},"sameAs":["https:\/\/www.facebook.com\/webmaster.referencement.dijon","https:\/\/twitter.com\/jng_web","https:\/\/fr.linkedin.com\/in\/jeromeguri"]}]}},"_links":{"self":[{"href":"https:\/\/jng-web.com\/labo\/wp-json\/wp\/v2\/pages\/9349","targetHints":{"allow":["GET"]}}],"collection":[{"href":"https:\/\/jng-web.com\/labo\/wp-json\/wp\/v2\/pages"}],"about":[{"href":"https:\/\/jng-web.com\/labo\/wp-json\/wp\/v2\/types\/page"}],"author":[{"embeddable":true,"href":"https:\/\/jng-web.com\/labo\/wp-json\/wp\/v2\/users\/2"}],"replies":[{"embeddable":true,"href":"https:\/\/jng-web.com\/labo\/wp-json\/wp\/v2\/comments?post=9349"}],"version-history":[{"count":0,"href":"https:\/\/jng-web.com\/labo\/wp-json\/wp\/v2\/pages\/9349\/revisions"}],"wp:attachment":[{"href":"https:\/\/jng-web.com\/labo\/wp-json\/wp\/v2\/media?parent=9349"}],"curies":[{"name":"wp","href":"https:\/\/api.w.org\/{rel}","templated":true}]}}